{"id":782,"date":"2021-07-01T22:06:55","date_gmt":"2021-07-01T20:06:55","guid":{"rendered":"https:\/\/www.hispi.de\/?page_id=782"},"modified":"2021-07-01T22:06:56","modified_gmt":"2021-07-01T20:06:56","slug":"sophiaakademie-ggmbh","status":"publish","type":"page","link":"https:\/\/www.hispi.de\/fr\/a-propos-de-hispi\/sophiaakademie-ggmbh\/","title":{"rendered":"Sophia::Akademie gGmbH"},"content":{"rendered":"<p>[et_pb_section fb_built=\u00a0\u00bb1&Prime; _builder_version=\u00a0\u00bb4.5.7&Prime; _module_preset=\u00a0\u00bbdefault\u00a0\u00bb background_image=\u00a0\u00bbhttps:\/\/www.hispi.de\/wp-content\/uploads\/20200827-sophia-akademie-header.jpg\u00a0\u00bb][et_pb_row _builder_version=\u00a0\u00bb4.5.7&Prime; _module_preset=\u00a0\u00bbdefault\u00a0\u00bb][et_pb_column type=\u00a0\u00bb4_4&Prime; _builder_version=\u00a0\u00bb4.5.7&Prime; _module_preset=\u00a0\u00bbdefault\u00a0\u00bb][et_pb_text _builder_version=\u00a0\u00bb4.9.4&Prime; _module_preset=\u00a0\u00bbdefault\u00a0\u00bb]<\/p>\n<h1>Sophia::Akademie <span style=\"font-size: xx-large;\">g<\/span>GmbH<\/h1>\n<p>[\/et_pb_text][\/et_pb_column][\/et_pb_row][\/et_pb_section][et_pb_section fb_built=\u00a0\u00bb1&Prime; _builder_version=\u00a0\u00bb4.5.7&Prime; _module_preset=\u00a0\u00bbdefault\u00a0\u00bb][et_pb_row column_structure=\u00a0\u00bb2_3,1_3&Prime; _builder_version=\u00a0\u00bb4.5.7&Prime; _module_preset=\u00a0\u00bbdefault\u00a0\u00bb][et_pb_column type=\u00a0\u00bb2_3&Prime; _builder_version=\u00a0\u00bb4.5.7&Prime; _module_preset=\u00a0\u00bbdefault\u00a0\u00bb][et_pb_text _builder_version=\u00a0\u00bb4.6.0&Prime; _module_preset=\u00a0\u00bbdefault\u00a0\u00bb header_2_font_size=\u00a0\u00bb44px\u00a0\u00bb custom_margin_tablet=\u00a0\u00bb||40px||false|false\u00a0\u00bb custom_margin_phone=\u00a0\u00bb\u00a0\u00bb custom_margin_last_edited=\u00a0\u00bbon|tablet\u00a0\u00bb]<\/p>\n<h2>Faire plus dans un effort commun<\/h2>\n<p>Notre initiative \u00ab\u00a0Hispi, aide \u00e0 l&rsquo;int\u00e9gration linguistique\u00a0\u00bb a rejoint Sophia::Akademie gGmbH en janvier 2018 pour rendre notre initiative citoyenne plus durable et entrepreneuriale.<\/p>\n<p>[\/et_pb_text][\/et_pb_column][et_pb_column type=\u00a0\u00bb1_3&Prime; _builder_version=\u00a0\u00bb4.5.7&Prime; _module_preset=\u00a0\u00bbdefault\u00a0\u00bb][et_pb_image src=\u00a0\u00bbhttps:\/\/www.hispi.de\/wp-content\/uploads\/SOPHIALogo250x10072dpi.png\u00a0\u00bb title_text=\u00a0\u00bbSOPHIALogo250x10072dpi\u00a0\u00bb align=\u00a0\u00bbcenter\u00a0\u00bb _builder_version=\u00a0\u00bb4.5.7&Prime; _module_preset=\u00a0\u00bbdefault\u00a0\u00bb][\/et_pb_image][\/et_pb_column][\/et_pb_row][et_pb_row _builder_version=\u00a0\u00bb4.5.7&Prime; _module_preset=\u00a0\u00bbdefault\u00a0\u00bb][et_pb_column type=\u00a0\u00bb4_4&Prime; _builder_version=\u00a0\u00bb4.5.7&Prime; _module_preset=\u00a0\u00bbdefault\u00a0\u00bb][et_pb_divider _builder_version=\u00a0\u00bb4.5.7&Prime; _module_preset=\u00a0\u00bbdefault\u00a0\u00bb custom_margin=\u00a0\u00bb||30px||false|false\u00a0\u00bb][\/et_pb_divider][et_pb_text _builder_version=\u00a0\u00bb4.5.7&Prime; _module_preset=\u00a0\u00bbdefault\u00a0\u00bb text_orientation=\u00a0\u00bbcenter\u00a0\u00bb max_width=\u00a0\u00bb800px\u00a0\u00bb module_alignment=\u00a0\u00bbcenter\u00a0\u00bb custom_margin=\u00a0\u00bb||40px||false|false\u00a0\u00bb]\u201eNous avons besoin de b\u00e2timents \u00e9ducatifs et de paysages \u00e9ducatifs qui peuvent \u00e9voluer &#8211; des lieux d&rsquo;apprentissage qui int\u00e8grent des espaces sociaux, culturels et virtuels, ainsi que du temps, que nous concevons ensemble et de mani\u00e8re agile.\u201c<\/p>\n<p>&#8211; Dr. Petra Regina Moog -[\/et_pb_text][et_pb_divider _builder_version=\u00a0\u00bb4.5.7&Prime; _module_preset=\u00a0\u00bbdefault\u00a0\u00bb custom_margin=\u00a0\u00bb||30px||false|false\u00a0\u00bb][\/et_pb_divider][et_pb_text _builder_version=\u00a0\u00bb4.5.7&Prime; _module_preset=\u00a0\u00bbdefault\u00a0\u00bb]En 2013, nous avons lanc\u00e9 notre premier projet de coop\u00e9ration avec le cabinet de conseil en construction d&rsquo;\u00e9coles M3V Adviespartner des Pays-Bas. \u00c0 l&rsquo;\u00e9poque, nos objectifs \u00e9taient d&rsquo;apprendre les uns des autres et les uns avec les autres, de d\u00e9velopper des environnements d&rsquo;apprentissage innovants et de trouver une bonne ad\u00e9quation entre la p\u00e9dagogie et l&rsquo;architecture avec les enseignants et les \u00e9tudiants. Cette coop\u00e9ration sous forme d&rsquo;excursions conjointes, de conf\u00e9rences, d&rsquo;\u00e9coles d&rsquo;\u00e9t\u00e9, de congr\u00e8s, etc. a \u00e9t\u00e9 tr\u00e8s fructueuse. Entre-temps, nous coop\u00e9rons avec des partenaires d&rsquo;Autriche, d&rsquo;Italie, de Suisse et de Norv\u00e8ge sur divers projets. Dans tous les projets, nous nous engageons \u00e0 d\u00e9velopper des b\u00e2timents scolaires de haute qualit\u00e9, inclusifs, sains et durables.[\/et_pb_text][\/et_pb_column][\/et_pb_row][\/et_pb_section][et_pb_section fb_built=\u00a0\u00bb1&Prime; _builder_version=\u00a0\u00bb4.5.7&Prime; _module_preset=\u00a0\u00bbdefault\u00a0\u00bb background_color=\u00a0\u00bb#ededed\u00a0\u00bb][et_pb_row _builder_version=\u00a0\u00bb4.5.7&Prime; _module_preset=\u00a0\u00bbdefault\u00a0\u00bb][et_pb_column type=\u00a0\u00bb4_4&Prime; _builder_version=\u00a0\u00bb4.5.7&Prime; _module_preset=\u00a0\u00bbdefault\u00a0\u00bb][et_pb_text _builder_version=\u00a0\u00bb4.5.7&Prime; _module_preset=\u00a0\u00bbdefault\u00a0\u00bb custom_margin=\u00a0\u00bb||40px||false|false\u00a0\u00bb]<\/p>\n<h2>Projets actuels:<\/h2>\n<h3>Erasmus + PULS + (11 partenaires de D, A, I et CH)<\/h3>\n<p><b>Apprendre et d\u00e9velopper l&rsquo;espace ensemble &#8211; LernRAUMLabore (Espace pour les laboratoires d&rsquo;apprentissage)<\/b><br \/>\nLes \u00e9coles durables ont besoin d&rsquo;espaces d&rsquo;apprentissage r\u00e9els et num\u00e9riques, flexibles de mani\u00e8re simple et robuste et dans lesquels la p\u00e9dagogie contribue \u00e0 fa\u00e7onner l&rsquo;architecture. C&rsquo;est pourquoi la Fondation des \u00e9coles protestantes souhaite que l&rsquo;EKBO dispose d&rsquo;environnements d&rsquo;apprentissage innovants dans toutes ses \u00e9coles afin de bien pr\u00e9parer ses \u00e9l\u00e8ves au XXIe si\u00e8cle.[\/et_pb_text][et_pb_divider _builder_version=\u00a0\u00bb4.5.7&Prime; _module_preset=\u00a0\u00bbdefault\u00a0\u00bb custom_margin=\u00a0\u00bb||30px||false|false\u00a0\u00bb][\/et_pb_divider][et_pb_text _builder_version=\u00a0\u00bb4.5.7&Prime; _module_preset=\u00a0\u00bbdefault\u00a0\u00bb text_orientation=\u00a0\u00bbcenter\u00a0\u00bb custom_margin=\u00a0\u00bb||20px||false|false\u00a0\u00bb]<\/p>\n<h3>Plus d&rsquo;informations sur Sophia :: Akademie peuvent \u00eatre trouv\u00e9es ici<\/h3>\n<p>[\/et_pb_text][et_pb_button button_url=\u00a0\u00bbhttp:\/\/www.sophia-akademie.de\/\u00a0\u00bb url_new_window=\u00a0\u00bbon\u00a0\u00bb button_text=\u00a0\u00bbVers le site\u00a0\u00bb button_alignment=\u00a0\u00bbcenter\u00a0\u00bb _builder_version=\u00a0\u00bb4.5.7&Prime; _module_preset=\u00a0\u00bbdefault\u00a0\u00bb][\/et_pb_button][\/et_pb_column][\/et_pb_row][\/et_pb_section]<\/p>\n","protected":false},"excerpt":{"rendered":"<p>Sophia::Akademie gGmbHFaire plus dans un effort commun Notre initiative \u00ab\u00a0Hispi, aide \u00e0 l&rsquo;int\u00e9gration linguistique\u00a0\u00bb a rejoint Sophia::Akademie gGmbH en janvier 2018 pour rendre notre initiative citoyenne plus durable et entrepreneuriale.\u201eNous avons besoin de b\u00e2timents \u00e9ducatifs et de paysages \u00e9ducatifs qui peuvent \u00e9voluer &#8211; des lieux d&rsquo;apprentissage qui int\u00e8grent des espaces sociaux, culturels et virtuels, ainsi [&hellip;]<\/p>\n","protected":false},"author":1,"featured_media":0,"parent":776,"menu_order":0,"comment_status":"closed","ping_status":"closed","template":"","meta":{"_et_pb_use_builder":"on","_et_pb_old_content":"","_et_gb_content_width":"","footnotes":""},"class_list":["post-782","page","type-page","status-publish","hentry"],"yoast_head":"<!-- This site is optimized with the Yoast SEO plugin v27.3 - https:\/\/yoast.com\/product\/yoast-seo-wordpress\/ -->\n<title>Sophia::Akademie gGmbH - Hispi - Hilfe bei der sprachlichen Integration<\/title>\n<meta name=\"robots\" content=\"index, follow, max-snippet:-1, max-image-preview:large, max-video-preview:-1\" \/>\n<link rel=\"canonical\" href=\"https:\/\/www.hispi.de\/fr\/a-propos-de-hispi\/sophiaakademie-ggmbh\/\" \/>\n<meta property=\"og:locale\" content=\"fr_FR\" \/>\n<meta property=\"og:type\" content=\"article\" \/>\n<meta property=\"og:title\" content=\"Sophia::Akademie gGmbH - Hispi - Hilfe bei der sprachlichen Integration\" \/>\n<meta property=\"og:description\" content=\"Sophia::Akademie gGmbHFaire plus dans un effort commun Notre initiative &quot;Hispi, aide \u00e0 l&#039;int\u00e9gration linguistique&quot; a rejoint Sophia::Akademie gGmbH en janvier 2018 pour rendre notre initiative citoyenne plus durable et entrepreneuriale.\u201eNous avons besoin de b\u00e2timents \u00e9ducatifs et de paysages \u00e9ducatifs qui peuvent \u00e9voluer - des lieux d&#039;apprentissage qui int\u00e8grent des espaces sociaux, culturels et virtuels, ainsi [&hellip;]\" \/>\n<meta property=\"og:url\" content=\"https:\/\/www.hispi.de\/fr\/a-propos-de-hispi\/sophiaakademie-ggmbh\/\" \/>\n<meta property=\"og:site_name\" content=\"Hispi - Hilfe bei der sprachlichen Integration\" \/>\n<meta property=\"article:modified_time\" content=\"2021-07-01T20:06:56+00:00\" \/>\n<meta property=\"og:image\" content=\"https:\/\/www.hispi.de\/wp-content\/uploads\/20200903-hispi-facebook.jpg\" \/>\n\t<meta property=\"og:image:width\" content=\"1200\" \/>\n\t<meta property=\"og:image:height\" content=\"628\" \/>\n\t<meta property=\"og:image:type\" content=\"image\/jpeg\" \/>\n<meta name=\"twitter:card\" content=\"summary_large_image\" \/>\n<meta name=\"twitter:label1\" content=\"Dur\u00e9e de lecture estim\u00e9e\" \/>\n\t<meta name=\"twitter:data1\" content=\"2 minutes\" \/>\n<script type=\"application\/ld+json\" class=\"yoast-schema-graph\">{\"@context\":\"https:\\\/\\\/schema.org\",\"@graph\":[{\"@type\":\"WebPage\",\"@id\":\"https:\\\/\\\/www.hispi.de\\\/fr\\\/a-propos-de-hispi\\\/sophiaakademie-ggmbh\\\/\",\"url\":\"https:\\\/\\\/www.hispi.de\\\/fr\\\/a-propos-de-hispi\\\/sophiaakademie-ggmbh\\\/\",\"name\":\"Sophia::Akademie gGmbH - Hispi - Hilfe bei der sprachlichen Integration\",\"isPartOf\":{\"@id\":\"https:\\\/\\\/www.hispi.de\\\/fr\\\/#website\"},\"datePublished\":\"2021-07-01T20:06:55+00:00\",\"dateModified\":\"2021-07-01T20:06:56+00:00\",\"breadcrumb\":{\"@id\":\"https:\\\/\\\/www.hispi.de\\\/fr\\\/a-propos-de-hispi\\\/sophiaakademie-ggmbh\\\/#breadcrumb\"},\"inLanguage\":\"fr-FR\",\"potentialAction\":[{\"@type\":\"ReadAction\",\"target\":[\"https:\\\/\\\/www.hispi.de\\\/fr\\\/a-propos-de-hispi\\\/sophiaakademie-ggmbh\\\/\"]}]},{\"@type\":\"BreadcrumbList\",\"@id\":\"https:\\\/\\\/www.hispi.de\\\/fr\\\/a-propos-de-hispi\\\/sophiaakademie-ggmbh\\\/#breadcrumb\",\"itemListElement\":[{\"@type\":\"ListItem\",\"position\":1,\"name\":\"Startseite\",\"item\":\"https:\\\/\\\/www.hispi.de\\\/fr\\\/\"},{\"@type\":\"ListItem\",\"position\":2,\"name\":\"\u00c0 propos de Hispi\",\"item\":\"https:\\\/\\\/www.hispi.de\\\/fr\\\/a-propos-de-hispi\\\/\"},{\"@type\":\"ListItem\",\"position\":3,\"name\":\"Sophia::Akademie gGmbH\"}]},{\"@type\":\"WebSite\",\"@id\":\"https:\\\/\\\/www.hispi.de\\\/fr\\\/#website\",\"url\":\"https:\\\/\\\/www.hispi.de\\\/fr\\\/\",\"name\":\"Hispi - Hilfe bei der sprachlichen Integration\",\"description\":\"\",\"potentialAction\":[{\"@type\":\"SearchAction\",\"target\":{\"@type\":\"EntryPoint\",\"urlTemplate\":\"https:\\\/\\\/www.hispi.de\\\/fr\\\/?s={search_term_string}\"},\"query-input\":{\"@type\":\"PropertyValueSpecification\",\"valueRequired\":true,\"valueName\":\"search_term_string\"}}],\"inLanguage\":\"fr-FR\"}]}<\/script>\n<!-- \/ Yoast SEO plugin. -->","yoast_head_json":{"title":"Sophia::Akademie gGmbH - Hispi - Hilfe bei der sprachlichen Integration","robots":{"index":"index","follow":"follow","max-snippet":"max-snippet:-1","max-image-preview":"max-image-preview:large","max-video-preview":"max-video-preview:-1"},"canonical":"https:\/\/www.hispi.de\/fr\/a-propos-de-hispi\/sophiaakademie-ggmbh\/","og_locale":"fr_FR","og_type":"article","og_title":"Sophia::Akademie gGmbH - Hispi - Hilfe bei der sprachlichen Integration","og_description":"Sophia::Akademie gGmbHFaire plus dans un effort commun Notre initiative \"Hispi, aide \u00e0 l'int\u00e9gration linguistique\" a rejoint Sophia::Akademie gGmbH en janvier 2018 pour rendre notre initiative citoyenne plus durable et entrepreneuriale.\u201eNous avons besoin de b\u00e2timents \u00e9ducatifs et de paysages \u00e9ducatifs qui peuvent \u00e9voluer - des lieux d'apprentissage qui int\u00e8grent des espaces sociaux, culturels et virtuels, ainsi [&hellip;]","og_url":"https:\/\/www.hispi.de\/fr\/a-propos-de-hispi\/sophiaakademie-ggmbh\/","og_site_name":"Hispi - Hilfe bei der sprachlichen Integration","article_modified_time":"2021-07-01T20:06:56+00:00","og_image":[{"width":1200,"height":628,"url":"https:\/\/www.hispi.de\/wp-content\/uploads\/20200903-hispi-facebook.jpg","type":"image\/jpeg"}],"twitter_card":"summary_large_image","twitter_misc":{"Dur\u00e9e de lecture estim\u00e9e":"2 minutes"},"schema":{"@context":"https:\/\/schema.org","@graph":[{"@type":"WebPage","@id":"https:\/\/www.hispi.de\/fr\/a-propos-de-hispi\/sophiaakademie-ggmbh\/","url":"https:\/\/www.hispi.de\/fr\/a-propos-de-hispi\/sophiaakademie-ggmbh\/","name":"Sophia::Akademie gGmbH - Hispi - Hilfe bei der sprachlichen Integration","isPartOf":{"@id":"https:\/\/www.hispi.de\/fr\/#website"},"datePublished":"2021-07-01T20:06:55+00:00","dateModified":"2021-07-01T20:06:56+00:00","breadcrumb":{"@id":"https:\/\/www.hispi.de\/fr\/a-propos-de-hispi\/sophiaakademie-ggmbh\/#breadcrumb"},"inLanguage":"fr-FR","potentialAction":[{"@type":"ReadAction","target":["https:\/\/www.hispi.de\/fr\/a-propos-de-hispi\/sophiaakademie-ggmbh\/"]}]},{"@type":"BreadcrumbList","@id":"https:\/\/www.hispi.de\/fr\/a-propos-de-hispi\/sophiaakademie-ggmbh\/#breadcrumb","itemListElement":[{"@type":"ListItem","position":1,"name":"Startseite","item":"https:\/\/www.hispi.de\/fr\/"},{"@type":"ListItem","position":2,"name":"\u00c0 propos de Hispi","item":"https:\/\/www.hispi.de\/fr\/a-propos-de-hispi\/"},{"@type":"ListItem","position":3,"name":"Sophia::Akademie gGmbH"}]},{"@type":"WebSite","@id":"https:\/\/www.hispi.de\/fr\/#website","url":"https:\/\/www.hispi.de\/fr\/","name":"Hispi - Hilfe bei der sprachlichen Integration","description":"","potentialAction":[{"@type":"SearchAction","target":{"@type":"EntryPoint","urlTemplate":"https:\/\/www.hispi.de\/fr\/?s={search_term_string}"},"query-input":{"@type":"PropertyValueSpecification","valueRequired":true,"valueName":"search_term_string"}}],"inLanguage":"fr-FR"}]}},"_links":{"self":[{"href":"https:\/\/www.hispi.de\/fr\/wp-json\/wp\/v2\/pages\/782","targetHints":{"allow":["GET"]}}],"collection":[{"href":"https:\/\/www.hispi.de\/fr\/wp-json\/wp\/v2\/pages"}],"about":[{"href":"https:\/\/www.hispi.de\/fr\/wp-json\/wp\/v2\/types\/page"}],"author":[{"embeddable":true,"href":"https:\/\/www.hispi.de\/fr\/wp-json\/wp\/v2\/users\/1"}],"replies":[{"embeddable":true,"href":"https:\/\/www.hispi.de\/fr\/wp-json\/wp\/v2\/comments?post=782"}],"version-history":[{"count":0,"href":"https:\/\/www.hispi.de\/fr\/wp-json\/wp\/v2\/pages\/782\/revisions"}],"up":[{"embeddable":true,"href":"https:\/\/www.hispi.de\/fr\/wp-json\/wp\/v2\/pages\/776"}],"wp:attachment":[{"href":"https:\/\/www.hispi.de\/fr\/wp-json\/wp\/v2\/media?parent=782"}],"curies":[{"name":"wp","href":"https:\/\/api.w.org\/{rel}","templated":true}]}}