{"id":778,"date":"2021-08-02T03:08:25","date_gmt":"2021-08-02T01:08:25","guid":{"rendered":"https:\/\/www.hispi.de\/?page_id=778"},"modified":"2023-11-23T14:31:44","modified_gmt":"2023-11-23T13:31:44","slug":"notre-mission-et-nos-valeurs","status":"publish","type":"page","link":"https:\/\/www.hispi.de\/fr\/a-propos-de-hispi\/notre-mission-et-nos-valeurs\/","title":{"rendered":"Notre mission et nos valeurs"},"content":{"rendered":"<p>[et_pb_section fb_built=\u00a0\u00bb1&Prime; _builder_version=\u00a0\u00bb4.16&Prime; _module_preset=\u00a0\u00bbdefault\u00a0\u00bb use_background_color_gradient=\u00a0\u00bbon\u00a0\u00bb background_color_gradient_stops=\u00a0\u00bbrgba(0,0,0,0.45) 0%|rgba(0,0,0,0.45) 100%\u00a0\u00bb background_color_gradient_overlays_image=\u00a0\u00bbon\u00a0\u00bb background_color_gradient_start=\u00a0\u00bbrgba(0,0,0,0.45)\u00a0\u00bb background_color_gradient_end=\u00a0\u00bbrgba(0,0,0,0.45)\u00a0\u00bb background_image=\u00a0\u00bbhttps:\/\/www.hispi.de\/wp-content\/uploads\/clay-banks-LjqARJaJotc-unsplash-scaled.jpg\u00a0\u00bb global_colors_info=\u00a0\u00bb{}\u00a0\u00bb][et_pb_row _builder_version=\u00a0\u00bb4.16&Prime; _module_preset=\u00a0\u00bbdefault\u00a0\u00bb global_colors_info=\u00a0\u00bb{}\u00a0\u00bb][et_pb_column type=\u00a0\u00bb4_4&Prime; _builder_version=\u00a0\u00bb4.16&Prime; _module_preset=\u00a0\u00bbdefault\u00a0\u00bb global_colors_info=\u00a0\u00bb{}\u00a0\u00bb][et_pb_text _builder_version=\u00a0\u00bb4.16&Prime; _module_preset=\u00a0\u00bbdefault\u00a0\u00bb global_colors_info=\u00a0\u00bb{}\u00a0\u00bb]<\/p>\n<h1>Notre mission et nos valeurs<\/h1>\n<p>[\/et_pb_text][\/et_pb_column][\/et_pb_row][\/et_pb_section][et_pb_section fb_built=\u00a0\u00bb1&Prime; _builder_version=\u00a0\u00bb4.16&Prime; _module_preset=\u00a0\u00bbdefault\u00a0\u00bb global_colors_info=\u00a0\u00bb{}\u00a0\u00bb][et_pb_row column_structure=\u00a0\u00bb1_2,1_2&Prime; _builder_version=\u00a0\u00bb4.16&Prime; _module_preset=\u00a0\u00bbdefault\u00a0\u00bb global_colors_info=\u00a0\u00bb{}\u00a0\u00bb][et_pb_column type=\u00a0\u00bb1_2&Prime; _builder_version=\u00a0\u00bb4.16&Prime; _module_preset=\u00a0\u00bbdefault\u00a0\u00bb global_colors_info=\u00a0\u00bb{}\u00a0\u00bb][et_pb_text _builder_version=\u00a0\u00bb4.16&Prime; _module_preset=\u00a0\u00bbdefault\u00a0\u00bb custom_margin=\u00a0\u00bb|20px|||false|false\u00a0\u00bb custom_margin_tablet=\u00a0\u00bb|20px|40px||false|false\u00a0\u00bb custom_margin_phone=\u00a0\u00bb\u00a0\u00bb custom_margin_last_edited=\u00a0\u00bbon|tablet\u00a0\u00bb global_colors_info=\u00a0\u00bb{}\u00a0\u00bb]<\/p>\n<h2>Apprendre l&rsquo;allemand,<\/h2>\n<h3>c&rsquo;est apprendre \u00e0 comprendre l&rsquo;Allemagne<\/h3>\n<p>La langue est la cl\u00e9. Notre langue v\u00e9hicule nos valeurs, notre fa\u00e7on de penser et la fa\u00e7on dont notre soci\u00e9t\u00e9 communique. Sans connaissance ad\u00e9quate de l&rsquo;allemand, les immigrants se heurtent \u00e0 des obstacles qui les emp\u00eachent d&rsquo;acc\u00e9der \u00e0 l&rsquo;\u00e9ducation, au march\u00e9 du travail et \u00e0 la participation sociale. Leurs besoins et leurs attitudes restent incompr\u00e9hensibles pour nous autres Allemands tant que nous n&rsquo;avons pas trouv\u00e9 de langue commune. Nous voulons emp\u00eacher le d\u00e9veloppement de soci\u00e9t\u00e9s parall\u00e8les, nous souhaitons donc que les migrants fassent partie de notre syst\u00e8me social le plus rapidement possible.<br \/>Le respect mutuel et l&rsquo;acceptation mutuelle sont la base et nos valeurs de notre implication dans Hispi.<\/p>\n<p>[\/et_pb_text][\/et_pb_column][et_pb_column type=\u00a0\u00bb1_2&Prime; _builder_version=\u00a0\u00bb4.16&Prime; _module_preset=\u00a0\u00bbdefault\u00a0\u00bb global_colors_info=\u00a0\u00bb{}\u00a0\u00bb][et_pb_image src=\u00a0\u00bbhttps:\/\/www.hispi.de\/wp-content\/uploads\/Frauenfruehstueck.png\u00a0\u00bb title_text=\u00a0\u00bbFrauenfr\u00fchst\u00fcck\u00a0\u00bb align=\u00a0\u00bbcenter\u00a0\u00bb _builder_version=\u00a0\u00bb4.23&Prime; _module_preset=\u00a0\u00bbdefault\u00a0\u00bb hover_enabled=\u00a0\u00bb0&Prime; global_colors_info=\u00a0\u00bb{}\u00a0\u00bb sticky_enabled=\u00a0\u00bb0&Prime;][\/et_pb_image][\/et_pb_column][\/et_pb_row][\/et_pb_section]<\/p>\n","protected":false},"excerpt":{"rendered":"<p>Notre mission et nos valeursApprendre l&rsquo;allemand, c&rsquo;est apprendre \u00e0 comprendre l&rsquo;Allemagne La langue est la cl\u00e9. Notre langue v\u00e9hicule nos valeurs, notre fa\u00e7on de penser et la fa\u00e7on dont notre soci\u00e9t\u00e9 communique. Sans connaissance ad\u00e9quate de l&rsquo;allemand, les immigrants se heurtent \u00e0 des obstacles qui les emp\u00eachent d&rsquo;acc\u00e9der \u00e0 l&rsquo;\u00e9ducation, au march\u00e9 du travail et [&hellip;]<\/p>\n","protected":false},"author":1,"featured_media":0,"parent":776,"menu_order":0,"comment_status":"closed","ping_status":"closed","template":"","meta":{"_et_pb_use_builder":"on","_et_pb_old_content":"","_et_gb_content_width":"","footnotes":""},"class_list":["post-778","page","type-page","status-publish","hentry"],"yoast_head":"<!-- This site is optimized with the Yoast SEO plugin v27.3 - https:\/\/yoast.com\/product\/yoast-seo-wordpress\/ -->\n<title>Notre mission et nos valeurs - Hispi - Hilfe bei der sprachlichen Integration<\/title>\n<meta name=\"robots\" content=\"index, follow, max-snippet:-1, max-image-preview:large, max-video-preview:-1\" \/>\n<link rel=\"canonical\" href=\"https:\/\/www.hispi.de\/fr\/a-propos-de-hispi\/notre-mission-et-nos-valeurs\/\" \/>\n<meta property=\"og:locale\" content=\"fr_FR\" \/>\n<meta property=\"og:type\" content=\"article\" \/>\n<meta property=\"og:title\" content=\"Notre mission et nos valeurs - Hispi - Hilfe bei der sprachlichen Integration\" \/>\n<meta property=\"og:description\" content=\"Notre mission et nos valeursApprendre l&#039;allemand, c&#039;est apprendre \u00e0 comprendre l&#039;Allemagne La langue est la cl\u00e9. Notre langue v\u00e9hicule nos valeurs, notre fa\u00e7on de penser et la fa\u00e7on dont notre soci\u00e9t\u00e9 communique. Sans connaissance ad\u00e9quate de l&#039;allemand, les immigrants se heurtent \u00e0 des obstacles qui les emp\u00eachent d&#039;acc\u00e9der \u00e0 l&#039;\u00e9ducation, au march\u00e9 du travail et [&hellip;]\" \/>\n<meta property=\"og:url\" content=\"https:\/\/www.hispi.de\/fr\/a-propos-de-hispi\/notre-mission-et-nos-valeurs\/\" \/>\n<meta property=\"og:site_name\" content=\"Hispi - Hilfe bei der sprachlichen Integration\" \/>\n<meta property=\"article:modified_time\" content=\"2023-11-23T13:31:44+00:00\" \/>\n<meta property=\"og:image\" content=\"https:\/\/www.hispi.de\/wp-content\/uploads\/20200903-hispi-facebook.jpg\" \/>\n\t<meta property=\"og:image:width\" content=\"1200\" \/>\n\t<meta property=\"og:image:height\" content=\"628\" \/>\n\t<meta property=\"og:image:type\" content=\"image\/jpeg\" \/>\n<meta name=\"twitter:card\" content=\"summary_large_image\" \/>\n<meta name=\"twitter:label1\" content=\"Dur\u00e9e de lecture estim\u00e9e\" \/>\n\t<meta name=\"twitter:data1\" content=\"1 minute\" \/>\n<script type=\"application\/ld+json\" class=\"yoast-schema-graph\">{\"@context\":\"https:\\\/\\\/schema.org\",\"@graph\":[{\"@type\":\"WebPage\",\"@id\":\"https:\\\/\\\/www.hispi.de\\\/fr\\\/a-propos-de-hispi\\\/notre-mission-et-nos-valeurs\\\/\",\"url\":\"https:\\\/\\\/www.hispi.de\\\/fr\\\/a-propos-de-hispi\\\/notre-mission-et-nos-valeurs\\\/\",\"name\":\"Notre mission et nos valeurs - Hispi - Hilfe bei der sprachlichen Integration\",\"isPartOf\":{\"@id\":\"https:\\\/\\\/www.hispi.de\\\/fr\\\/#website\"},\"datePublished\":\"2021-08-02T01:08:25+00:00\",\"dateModified\":\"2023-11-23T13:31:44+00:00\",\"breadcrumb\":{\"@id\":\"https:\\\/\\\/www.hispi.de\\\/fr\\\/a-propos-de-hispi\\\/notre-mission-et-nos-valeurs\\\/#breadcrumb\"},\"inLanguage\":\"fr-FR\",\"potentialAction\":[{\"@type\":\"ReadAction\",\"target\":[\"https:\\\/\\\/www.hispi.de\\\/fr\\\/a-propos-de-hispi\\\/notre-mission-et-nos-valeurs\\\/\"]}]},{\"@type\":\"BreadcrumbList\",\"@id\":\"https:\\\/\\\/www.hispi.de\\\/fr\\\/a-propos-de-hispi\\\/notre-mission-et-nos-valeurs\\\/#breadcrumb\",\"itemListElement\":[{\"@type\":\"ListItem\",\"position\":1,\"name\":\"Startseite\",\"item\":\"https:\\\/\\\/www.hispi.de\\\/fr\\\/\"},{\"@type\":\"ListItem\",\"position\":2,\"name\":\"\u00c0 propos de Hispi\",\"item\":\"https:\\\/\\\/www.hispi.de\\\/fr\\\/a-propos-de-hispi\\\/\"},{\"@type\":\"ListItem\",\"position\":3,\"name\":\"Notre mission et nos valeurs\"}]},{\"@type\":\"WebSite\",\"@id\":\"https:\\\/\\\/www.hispi.de\\\/fr\\\/#website\",\"url\":\"https:\\\/\\\/www.hispi.de\\\/fr\\\/\",\"name\":\"Hispi - Hilfe bei der sprachlichen Integration\",\"description\":\"\",\"potentialAction\":[{\"@type\":\"SearchAction\",\"target\":{\"@type\":\"EntryPoint\",\"urlTemplate\":\"https:\\\/\\\/www.hispi.de\\\/fr\\\/?s={search_term_string}\"},\"query-input\":{\"@type\":\"PropertyValueSpecification\",\"valueRequired\":true,\"valueName\":\"search_term_string\"}}],\"inLanguage\":\"fr-FR\"}]}<\/script>\n<!-- \/ Yoast SEO plugin. -->","yoast_head_json":{"title":"Notre mission et nos valeurs - Hispi - Hilfe bei der sprachlichen Integration","robots":{"index":"index","follow":"follow","max-snippet":"max-snippet:-1","max-image-preview":"max-image-preview:large","max-video-preview":"max-video-preview:-1"},"canonical":"https:\/\/www.hispi.de\/fr\/a-propos-de-hispi\/notre-mission-et-nos-valeurs\/","og_locale":"fr_FR","og_type":"article","og_title":"Notre mission et nos valeurs - Hispi - Hilfe bei der sprachlichen Integration","og_description":"Notre mission et nos valeursApprendre l'allemand, c'est apprendre \u00e0 comprendre l'Allemagne La langue est la cl\u00e9. Notre langue v\u00e9hicule nos valeurs, notre fa\u00e7on de penser et la fa\u00e7on dont notre soci\u00e9t\u00e9 communique. Sans connaissance ad\u00e9quate de l'allemand, les immigrants se heurtent \u00e0 des obstacles qui les emp\u00eachent d'acc\u00e9der \u00e0 l'\u00e9ducation, au march\u00e9 du travail et [&hellip;]","og_url":"https:\/\/www.hispi.de\/fr\/a-propos-de-hispi\/notre-mission-et-nos-valeurs\/","og_site_name":"Hispi - Hilfe bei der sprachlichen Integration","article_modified_time":"2023-11-23T13:31:44+00:00","og_image":[{"width":1200,"height":628,"url":"https:\/\/www.hispi.de\/wp-content\/uploads\/20200903-hispi-facebook.jpg","type":"image\/jpeg"}],"twitter_card":"summary_large_image","twitter_misc":{"Dur\u00e9e de lecture estim\u00e9e":"1 minute"},"schema":{"@context":"https:\/\/schema.org","@graph":[{"@type":"WebPage","@id":"https:\/\/www.hispi.de\/fr\/a-propos-de-hispi\/notre-mission-et-nos-valeurs\/","url":"https:\/\/www.hispi.de\/fr\/a-propos-de-hispi\/notre-mission-et-nos-valeurs\/","name":"Notre mission et nos valeurs - Hispi - Hilfe bei der sprachlichen Integration","isPartOf":{"@id":"https:\/\/www.hispi.de\/fr\/#website"},"datePublished":"2021-08-02T01:08:25+00:00","dateModified":"2023-11-23T13:31:44+00:00","breadcrumb":{"@id":"https:\/\/www.hispi.de\/fr\/a-propos-de-hispi\/notre-mission-et-nos-valeurs\/#breadcrumb"},"inLanguage":"fr-FR","potentialAction":[{"@type":"ReadAction","target":["https:\/\/www.hispi.de\/fr\/a-propos-de-hispi\/notre-mission-et-nos-valeurs\/"]}]},{"@type":"BreadcrumbList","@id":"https:\/\/www.hispi.de\/fr\/a-propos-de-hispi\/notre-mission-et-nos-valeurs\/#breadcrumb","itemListElement":[{"@type":"ListItem","position":1,"name":"Startseite","item":"https:\/\/www.hispi.de\/fr\/"},{"@type":"ListItem","position":2,"name":"\u00c0 propos de Hispi","item":"https:\/\/www.hispi.de\/fr\/a-propos-de-hispi\/"},{"@type":"ListItem","position":3,"name":"Notre mission et nos valeurs"}]},{"@type":"WebSite","@id":"https:\/\/www.hispi.de\/fr\/#website","url":"https:\/\/www.hispi.de\/fr\/","name":"Hispi - Hilfe bei der sprachlichen Integration","description":"","potentialAction":[{"@type":"SearchAction","target":{"@type":"EntryPoint","urlTemplate":"https:\/\/www.hispi.de\/fr\/?s={search_term_string}"},"query-input":{"@type":"PropertyValueSpecification","valueRequired":true,"valueName":"search_term_string"}}],"inLanguage":"fr-FR"}]}},"_links":{"self":[{"href":"https:\/\/www.hispi.de\/fr\/wp-json\/wp\/v2\/pages\/778","targetHints":{"allow":["GET"]}}],"collection":[{"href":"https:\/\/www.hispi.de\/fr\/wp-json\/wp\/v2\/pages"}],"about":[{"href":"https:\/\/www.hispi.de\/fr\/wp-json\/wp\/v2\/types\/page"}],"author":[{"embeddable":true,"href":"https:\/\/www.hispi.de\/fr\/wp-json\/wp\/v2\/users\/1"}],"replies":[{"embeddable":true,"href":"https:\/\/www.hispi.de\/fr\/wp-json\/wp\/v2\/comments?post=778"}],"version-history":[{"count":0,"href":"https:\/\/www.hispi.de\/fr\/wp-json\/wp\/v2\/pages\/778\/revisions"}],"up":[{"embeddable":true,"href":"https:\/\/www.hispi.de\/fr\/wp-json\/wp\/v2\/pages\/776"}],"wp:attachment":[{"href":"https:\/\/www.hispi.de\/fr\/wp-json\/wp\/v2\/media?parent=778"}],"curies":[{"name":"wp","href":"https:\/\/api.w.org\/{rel}","templated":true}]}}