{"id":754,"date":"2026-01-25T11:34:15","date_gmt":"2026-01-25T10:34:15","guid":{"rendered":"https:\/\/hispi.kundenexpose.de\/a-propos-de-hispi\/sophiaakademie-ggmbh\/"},"modified":"2026-04-13T21:56:32","modified_gmt":"2026-04-13T19:56:32","slug":"sophiaakademie-ggmbh","status":"publish","type":"page","link":"https:\/\/www.hispi.de\/fr\/a-propos-de-hispi\/sophiaakademie-ggmbh\/","title":{"rendered":"Sophia::Akademie gGmbH"},"content":{"rendered":"<div class=\"et_pb_section_0 et_pb_section et_section_regular et_block_section\">\n<div class=\"et_pb_row_0 et_pb_row et_block_row\">\n<div class=\"et_pb_column_0 et_pb_column et_pb_column_4_4 et-last-child et_block_column et_pb_css_mix_blend_mode_passthrough\">\n<div class=\"et_pb_text_0 et_pb_text et_pb_bg_layout_light et_pb_module et_block_module et_pb_text_align_right preset--module--divi-text--69cb9a220bbab\"><div class=\"et_pb_text_inner\"><h1>Sophia::Akademie gGmbH<\/h1>\n<\/div><\/div>\n<\/div>\n<\/div>\n<\/div>\n\n<div class=\"et_pb_section_1 et_pb_section et_section_regular et_flex_section\">\n<div class=\"et_pb_row_1 et_pb_row et_flex_row\">\n<div class=\"et_pb_column_1 et_pb_column et_flex_column et_pb_css_mix_blend_mode_passthrough et_flex_column_18_24 et_flex_column_18_24_tablet et_flex_column_24_24_phone et_flex_column_24_24_phoneWide et_flex_column_18_24_tabletWide et_flex_column_18_24_widescreen et_flex_column_18_24_ultraWide\">\n<div class=\"et_pb_text_1 et_pb_text et_pb_bg_layout_light et_pb_module et_block_module preset--module--divi-text--69cb9a220bbab\"><div class=\"et_pb_text_inner\"><h2>Ensemble, accomplir davantage<\/h2>\n<p>Notre initiative \u00ab Hispi, Aide \u00e0 l\u2019int\u00e9gration linguistique \u00bb est devenue en janvier 2018 une partie de la Sophia::Akademie gGmbH afin de rendre notre initiative citoyenne plus durable et plus entrepreneuriale.<\/p>\n<\/div><\/div>\n<\/div>\n\n<div class=\"et_pb_column_2 et_pb_column et-last-child et_flex_column et_pb_css_mix_blend_mode_passthrough et_flex_column_6_24 et_flex_column_6_24_tablet et_flex_column_24_24_phone et_flex_column_24_24_phoneWide et_flex_column_6_24_tabletWide et_flex_column_6_24_widescreen et_flex_column_6_24_ultraWide\">\n<div class=\"et_pb_image_0 et_pb_image et_pb_module et_block_module\"><span class=\"et_pb_image_wrap\"><img loading=\"lazy\" decoding=\"async\" src=\"https:\/\/www.hispi.de\/wp-content\/uploads\/SOPHIALogo250x10072dpi.png\" width=\"249\" height=\"99\" srcset=\"https:\/\/www.hispi.de\/wp-content\/uploads\/SOPHIALogo250x10072dpi.png 249w\" sizes=\"(max-width: 249px) 100vw, 249px\" class=\"wp-image-341\" title=\"SOPHIALogo250x10072dpi\" \/><\/span><\/div>\n<\/div>\n<\/div>\n\n<div class=\"et_pb_row_2 et_pb_row et_flex_row\">\n<div class=\"et_pb_column_3 et_pb_column et-last-child et_flex_column et_pb_css_mix_blend_mode_passthrough et_flex_column_24_24 et_flex_column_24_24_tablet et_flex_column_24_24_phone et_flex_column_24_24_phoneWide et_flex_column_24_24_tabletWide et_flex_column_24_24_widescreen et_flex_column_24_24_ultraWide\">\n<div class=\"et_pb_text_2 et_pb_text et_pb_bg_layout_light et_pb_module et_block_module et_pb_text_align_center preset--module--divi-text--69cb9a220bbab\"><div class=\"et_pb_text_inner\"><p>\u00ab Nous avons besoin de b\u00e2timents \u00e9ducatifs et d\u2019environnements d\u2019apprentissage capables d\u2019\u00e9voluer\u2014des lieux qui int\u00e8grent des espaces sociaux, culturels et virtuels, ainsi que le temps, et que nous fa\u00e7onnons ensemble de mani\u00e8re agile. \u00bb<\/p>\n<p>\u2013 Dr. Petra Regina Moog \u2013<\/p>\n<\/div><\/div>\n<\/div>\n<\/div>\n\n<div class=\"et_pb_row_3 et_pb_row et_flex_row\">\n<div class=\"et_pb_column_4 et_pb_column et-last-child et_flex_column et_pb_css_mix_blend_mode_passthrough et_flex_column_24_24 et_flex_column_24_24_tablet et_flex_column_24_24_phone et_flex_column_24_24_phoneWide et_flex_column_24_24_tabletWide et_flex_column_24_24_widescreen et_flex_column_24_24_ultraWide\">\n<div class=\"et_pb_text_3 et_pb_text et_pb_bg_layout_light et_pb_module et_block_module preset--module--divi-text--69cb9a220bbab\"><div class=\"et_pb_text_inner\"><p>En 2013, nous avons lanc\u00e9 notre premier projet de coop\u00e9ration avec l\u2019entreprise de conseil en construction scolaire M3V Adviespartner, bas\u00e9e aux Pays-Bas. \u00c0 l\u2019\u00e9poque, nos objectifs \u00e9taient d\u2019apprendre les uns des autres, de d\u00e9velopper des environnements d\u2019apprentissage innovants et d\u2019\u00e9laborer, avec les enseignant(e)s et les apprenant(e)s, des articulations pertinentes entre p\u00e9dagogie et architecture.<\/p>\n<p>Cette collaboration, sous forme d\u2019excursions communes, de conf\u00e9rences, de summer schools, de congr\u00e8s et d\u2019activit\u00e9s similaires, a \u00e9t\u00e9 tr\u00e8s fructueuse. Nous travaillons d\u00e9sormais avec des partenaires d\u2019Autriche, d\u2019Italie, de Suisse et de Norv\u00e8ge sur diff\u00e9rents projets. Dans tous ces projets, nous nous engageons en faveur du d\u00e9veloppement d\u2019une architecture scolaire de haute qualit\u00e9, inclusive, saine et tourn\u00e9e vers l\u2019avenir.<\/p>\n<\/div><\/div>\n<\/div>\n<\/div>\n<\/div>\n\n<div class=\"et_pb_section_2 et_pb_section et_section_regular et_flex_section\">\n<div class=\"et_pb_row_4 et_pb_row et_flex_row\">\n<div class=\"et_pb_column_5 et_pb_column et-last-child et_flex_column et_pb_css_mix_blend_mode_passthrough et_flex_column_24_24 et_flex_column_24_24_tablet et_flex_column_24_24_phone et_flex_column_24_24_phoneWide et_flex_column_24_24_tabletWide et_flex_column_24_24_widescreen et_flex_column_24_24_ultraWide\">\n<div class=\"et_pb_text_4 et_pb_text et_pb_bg_layout_light et_pb_module et_block_module preset--module--divi-text--69cb9a220bbab\"><div class=\"et_pb_text_inner\"><h2>Projets en cours :<\/h2>\n<h3>Erasmus+ PULS+ (11 partenaires d\u2019Allemagne, d\u2019Autriche, d\u2019Italie et de Suisse)<\/h3>\n<p><b>Apprendre ensemble et d\u00e9velopper les espaces \u2013 Laboratoires d\u2019espaces d\u2019apprentissage<\/b><br \/>\nLes \u00e9coles tourn\u00e9es vers l\u2019avenir ont besoin d\u2019espaces d\u2019apprentissage physiques et num\u00e9riques, flexibles de mani\u00e8re simple et robuste, et dans lesquels la p\u00e9dagogie contribue \u00e0 fa\u00e7onner l\u2019architecture. C\u2019est pourquoi la fondation scolaire protestante de l\u2019EKBO souhaite mettre en place des environnements d\u2019apprentissage innovants dans toutes ses \u00e9coles afin de pr\u00e9parer ses \u00e9l\u00e8ves de mani\u00e8re \u00e9quitable au XXIe si\u00e8cle.<\/p>\n<\/div><\/div>\n<\/div>\n<\/div>\n<\/div>\n\n<div class=\"et_pb_section_3 et_pb_section et_section_regular et_flex_section\">\n<div class=\"et_pb_row_5 et_pb_row et_flex_row\">\n<div class=\"et_pb_column_6 et_pb_column et-last-child et_flex_column et_pb_css_mix_blend_mode_passthrough et_flex_column_24_24 et_flex_column_24_24_tablet et_flex_column_24_24_phone et_flex_column_24_24_phoneWide et_flex_column_24_24_tabletWide et_flex_column_24_24_widescreen et_flex_column_24_24_ultraWide\">\n<div class=\"et_pb_text_5 et_pb_text et_pb_bg_layout_light et_pb_module et_block_module et_pb_text_align_center preset--module--divi-text--69cb9a220bbab\"><div class=\"et_pb_text_inner\"><h2>Plus d\u2019informations sur la Sophia::Akademie<\/h2>\n<\/div><\/div>\n\n<div class=\"et_pb_module et_pb_button_module_wrapper et_pb_button_0_wrapper\"><a class=\"et_pb_button_0 et_pb_button et_pb_bg_layout_light et_pb_module et_block_module\" href=\"http:\/\/www.sophia-akademie.de\/\" target=\"_blank\">Vers le site web de la Sophia::Akademie<\/a><\/div>\n<\/div>\n<\/div>\n<\/div>","protected":false},"excerpt":{"rendered":"","protected":false},"author":1,"featured_media":755,"parent":710,"menu_order":0,"comment_status":"closed","ping_status":"closed","template":"","meta":{"footnotes":""},"class_list":["post-754","page","type-page","status-publish","has-post-thumbnail","hentry"],"_links":{"self":[{"href":"https:\/\/www.hispi.de\/fr\/wp-json\/wp\/v2\/pages\/754","targetHints":{"allow":["GET"]}}],"collection":[{"href":"https:\/\/www.hispi.de\/fr\/wp-json\/wp\/v2\/pages"}],"about":[{"href":"https:\/\/www.hispi.de\/fr\/wp-json\/wp\/v2\/types\/page"}],"author":[{"embeddable":true,"href":"https:\/\/www.hispi.de\/fr\/wp-json\/wp\/v2\/users\/1"}],"replies":[{"embeddable":true,"href":"https:\/\/www.hispi.de\/fr\/wp-json\/wp\/v2\/comments?post=754"}],"version-history":[{"count":3,"href":"https:\/\/www.hispi.de\/fr\/wp-json\/wp\/v2\/pages\/754\/revisions"}],"predecessor-version":[{"id":758,"href":"https:\/\/www.hispi.de\/fr\/wp-json\/wp\/v2\/pages\/754\/revisions\/758"}],"up":[{"embeddable":true,"href":"https:\/\/www.hispi.de\/fr\/wp-json\/wp\/v2\/pages\/710"}],"wp:featuredmedia":[{"embeddable":true,"href":"https:\/\/www.hispi.de\/fr\/wp-json\/wp\/v2\/media\/755"}],"wp:attachment":[{"href":"https:\/\/www.hispi.de\/fr\/wp-json\/wp\/v2\/media?parent=754"}],"curies":[{"name":"wp","href":"https:\/\/api.w.org\/{rel}","templated":true}]}}