{"id":749,"date":"2026-01-25T11:35:00","date_gmt":"2026-01-25T10:35:00","guid":{"rendered":"https:\/\/hispi.kundenexpose.de\/groupes-offres\/"},"modified":"2026-04-17T12:36:14","modified_gmt":"2026-04-17T10:36:14","slug":"groupes-offres","status":"publish","type":"page","link":"https:\/\/www.hispi.de\/fr\/groupes-offres\/","title":{"rendered":"Groupes &amp; offres"},"content":{"rendered":"<div class=\"et_pb_section_0 et_pb_section et_section_regular et_block_section\"><div class=\"et_pb_row_0 et_pb_row et_block_row\"><div class=\"et_pb_column_0 et_pb_column et_pb_column_4_4 et-last-child et_block_column et_pb_css_mix_blend_mode_passthrough\"><div class=\"et_pb_text_0 et_pb_text et_pb_bg_layout_light et_pb_module et_block_module et_pb_text_align_right preset--module--divi-text--69cb9a220bbab\"><div class=\"et_pb_text_inner\"><h1>Groupes &amp; offres<\/h1>\n<\/div><\/div><\/div><\/div><\/div>\n\n<div class=\"et_pb_section_1 et_pb_section et_section_regular et_flex_section\">\n<div class=\"et_pb_row_1 et_pb_row et_flex_row\">\n<div class=\"et_pb_column_1 et_pb_column et-last-child et_flex_column et_pb_css_mix_blend_mode_passthrough et_flex_column_24_24 et_flex_column_24_24_tablet et_flex_column_24_24_phone et_flex_column_24_24_phoneWide et_flex_column_24_24_tabletWide et_flex_column_24_24_widescreen et_flex_column_24_24_ultraWide\">\n<div class=\"et_pb_text_1 et_pb_text et_pb_bg_layout_light et_pb_module et_block_module preset--module--divi-text--69cb9a220bbab\"><div class=\"et_pb_text_inner\"><h2>La m\u00e9diation linguistique au Hispi est organis\u00e9e en quatre groupes :<\/h2>\n<\/div><\/div>\n\n<div class=\"et_pb_divider_0 et_pb_divider et_pb_space et_pb_divider_position_top et_pb_module\"><div class=\"et_pb_divider_internal\"><\/div><\/div>\n<\/div>\n<\/div>\n\n<div class=\"et_pb_row_2 et_pb_row et_flex_row\">\n<div class=\"et_pb_column_2 et_pb_column et_flex_column et_pb_css_mix_blend_mode_passthrough et_flex_column_12_24 et_flex_column_12_24_tablet et_flex_column_24_24_phone et_flex_column_24_24_phoneWide et_flex_column_12_24_tabletWide et_flex_column_12_24_widescreen et_flex_column_12_24_ultraWide\">\n<div class=\"et_pb_text_2 et_pb_text et_pb_bg_layout_light et_pb_module et_block_module preset--module--divi-text--69cb9a220bbab\"><div class=\"et_pb_text_inner\"><h3>Alphab\u00e9tisation \/ groupe ABC<\/h3>\n<p>Si vous ne savez pas encore lire et \u00e9crire les lettres latines, vous \u00eates au bon endroit ici.<\/p>\n<\/div><\/div>\n<\/div>\n\n<div class=\"et_pb_column_3 et_pb_column et-last-child et_flex_column et_pb_css_mix_blend_mode_passthrough et_flex_column_12_24 et_flex_column_12_24_tablet et_flex_column_24_24_phone et_flex_column_24_24_phoneWide et_flex_column_12_24_tabletWide et_flex_column_12_24_widescreen et_flex_column_12_24_ultraWide\">\n<div class=\"et_pb_text_3 et_pb_text et_pb_bg_layout_light et_pb_module et_block_module preset--module--divi-text--69cb9a220bbab\"><div class=\"et_pb_text_inner\"><h3>Groupe 1<\/h3>\n<p><b>M\u00e9diation linguistique de base, orient\u00e9e vers le niveau A1<\/b><br \/>\nIci, tu peux apprendre si tu ne te sens pas encore \u00e0 l\u2019aise en lecture ou en \u00e9criture et si tu souhaites t\u2019exercer davantage.<\/p>\n<\/div><\/div>\n<\/div>\n<\/div>\n\n<div class=\"et_pb_row_3 et_pb_row et_flex_row\">\n<div class=\"et_pb_column_4 et_pb_column et_flex_column et_pb_css_mix_blend_mode_passthrough et_flex_column_12_24 et_flex_column_12_24_tablet et_flex_column_24_24_phone et_flex_column_24_24_phoneWide et_flex_column_12_24_tabletWide et_flex_column_12_24_widescreen et_flex_column_12_24_ultraWide\">\n<div class=\"et_pb_text_4 et_pb_text et_pb_bg_layout_light et_pb_module et_block_module preset--module--divi-text--69cb9a220bbab\"><div class=\"et_pb_text_inner\"><h3>Groupe 2<\/h3>\n<p><b>M\u00e9diation linguistique de base, orient\u00e9e vers le niveau A2<\/b><br \/>Si tu as d\u00e9j\u00e0 quelques connaissances en allemand et que tu comprends des phrases simples et de courts textes, tu te sentiras \u00e0 l\u2019aise dans ce groupe.<\/p>\n<\/div><\/div>\n<\/div>\n\n<div class=\"et_pb_column_5 et_pb_column et-last-child et_flex_column et_pb_css_mix_blend_mode_passthrough et_flex_column_12_24 et_flex_column_12_24_tablet et_flex_column_24_24_phone et_flex_column_24_24_phoneWide et_flex_column_12_24_tabletWide et_flex_column_12_24_widescreen et_flex_column_12_24_ultraWide\">\n<div class=\"et_pb_text_5 et_pb_text et_pb_bg_layout_light et_pb_module et_block_module preset--module--divi-text--69cb9a220bbab\"><div class=\"et_pb_text_inner\"><h3>Groupe 3<\/h3>\n<p><b>M\u00e9diation linguistique de base, orient\u00e9e vers le niveau B1<\/b><br \/>\nLes participant(e)s de ce groupe ont peut-\u00eatre d\u00e9j\u00e0 suivi d\u2019autres cours de langue et souhaitent maintenant s\u2019exercer davantage\u2014en particulier \u00e0 l\u2019oral. Les textes sont d\u00e9j\u00e0 plus exigeants.<\/p>\n<\/div><\/div>\n<\/div>\n<\/div>\n\n<div class=\"et_pb_row_4 et_pb_row et_flex_row\">\n<div class=\"et_pb_column_6 et_pb_column et-last-child et_flex_column et_pb_css_mix_blend_mode_passthrough et_flex_column_24_24 et_flex_column_24_24_tablet et_flex_column_24_24_phone et_flex_column_24_24_phoneWide et_flex_column_24_24_tabletWide et_flex_column_24_24_widescreen et_flex_column_24_24_ultraWide\">\n<div class=\"et_pb_text_6 et_pb_text et_pb_bg_layout_light et_pb_module et_block_module preset--module--divi-text--69cb9a220bbab\"><div class=\"et_pb_text_inner\"><h3>Hispi LAB<\/h3>\n<p><strong>Hispi-LAB \u2013 Apprentissage pour la formation et l\u2019emploi<\/strong><\/p>\n<p>Es-tu apprenti(e) ou \u00e9l\u00e8ve d\u2019une \u00e9cole professionnelle ? Et as-tu besoin d\u2019aide dans des mati\u00e8res comme l\u2019allemand, les math\u00e9matiques, la politique, etc. ? Alors tu es chaleureusement le\/la bienvenu(e) au Hispi LAB.<\/p>\n<p>Quand ? Les lundis, mardis, mercredis et jeudis de 17h30 \u00e0 19h00<br \/>O\u00f9 ? Hispi, Graf-Adolf-Stra\u00dfe 22, 40212 D\u00fcsseldorf<br \/>Comment ? Accompagnement individuel pour tes devoirs et les sujets pour lesquels tu as besoin d\u2019aide.<\/p>\n<p>Hispi LAB est soutenu par SEGRO.<\/p>\n<\/div><\/div>\n<\/div>\n<\/div>\n<\/div>\n\n<div class=\"et_pb_section_2 et_pb_section et_section_regular et_flex_section\">\n<div class=\"et_pb_row_5 et_pb_row et_flex_row\">\n<div class=\"et_pb_column_7 et_pb_column et-last-child et_flex_column et_pb_css_mix_blend_mode_passthrough et_flex_column_24_24 et_flex_column_24_24_tablet et_flex_column_24_24_phone et_flex_column_24_24_phoneWide et_flex_column_24_24_tabletWide et_flex_column_24_24_widescreen et_flex_column_24_24_ultraWide\">\n<div class=\"et_pb_text_7 et_pb_text et_pb_bg_layout_light et_pb_module et_block_module et_pb_text_align_center preset--module--divi-text--69cb9a220bbab\"><div class=\"et_pb_text_inner\"><h2>Horaires actuels<\/h2>\n<p>Inscription et informations au 0211-669 638 43<\/p>\n<\/div><\/div>\n<\/div>\n<\/div>\n\n<div class=\"et_pb_row_6 et_pb_row et_flex_row\">\n<div class=\"et_pb_column_8 et_pb_column et_flex_column et_pb_css_mix_blend_mode_passthrough et_flex_column_8_24 et_flex_column_8_24_tablet et_flex_column_24_24_phone et_flex_column_24_24_phoneWide et_flex_column_8_24_tabletWide et_flex_column_8_24_widescreen et_flex_column_8_24_ultraWide\">\n<div class=\"et_pb_image_0 et_pb_image et_pb_module et_block_module\"><span class=\"et_pb_image_wrap\"><img loading=\"lazy\" decoding=\"async\" src=\"https:\/\/www.hispi.de\/wp-content\/uploads\/20171201-kurse-10uhr.png\" width=\"382\" height=\"544\" srcset=\"https:\/\/www.hispi.de\/wp-content\/uploads\/20171201-kurse-10uhr.png 382w, https:\/\/www.hispi.de\/wp-content\/uploads\/20171201-kurse-10uhr-211x300.png 211w\" sizes=\"(max-width: 382px) 100vw, 382px\" class=\"wp-image-152\" title=\"20171201-kurse-10uhr\" \/><\/span><\/div>\n\n<div class=\"et_pb_text_8 et_pb_text et_pb_bg_layout_light et_pb_module et_block_module et_pb_text_align_center preset--module--divi-text--69cb9a220bbab\"><div class=\"et_pb_text_inner\"><h3>10h00<\/h3>\n<p>- Groupe 1 -<br \/>- Groupe 2 -<br \/>- Groupe 3 -<\/p>\n<\/div><\/div>\n<\/div>\n\n<div class=\"et_pb_column_9 et_pb_column et_flex_column et_pb_css_mix_blend_mode_passthrough et_flex_column_8_24 et_flex_column_8_24_tablet et_flex_column_24_24_phone et_flex_column_24_24_phoneWide et_flex_column_8_24_tabletWide et_flex_column_8_24_widescreen et_flex_column_8_24_ultraWide\">\n<div class=\"et_pb_image_1 et_pb_image et_pb_module et_block_module\"><span class=\"et_pb_image_wrap\"><img loading=\"lazy\" decoding=\"async\" src=\"https:\/\/www.hispi.de\/wp-content\/uploads\/20171201-kurse-15uhr.png\" width=\"382\" height=\"569\" srcset=\"https:\/\/www.hispi.de\/wp-content\/uploads\/20171201-kurse-15uhr.png 382w, https:\/\/www.hispi.de\/wp-content\/uploads\/20171201-kurse-15uhr-201x300.png 201w\" sizes=\"(max-width: 382px) 100vw, 382px\" class=\"wp-image-153\" title=\"20171201-kurse-15uhr\" \/><\/span><\/div>\n\n<div class=\"et_pb_text_9 et_pb_text et_pb_bg_layout_light et_pb_module et_block_module et_pb_text_align_center preset--module--divi-text--69cb9a220bbab\"><div class=\"et_pb_text_inner\"><h3>15h00<\/h3>\n<p>- Groupe 1 -<br \/>- Groupe 2 -<br \/>- Groupe 3 -<br \/>- ABC -<\/p>\n<\/div><\/div>\n<\/div>\n\n<div class=\"et_pb_column_10 et_pb_column et-last-child et_flex_column et_pb_css_mix_blend_mode_passthrough et_flex_column_8_24 et_flex_column_8_24_tablet et_flex_column_24_24_phone et_flex_column_24_24_phoneWide et_flex_column_8_24_tabletWide et_flex_column_8_24_widescreen et_flex_column_8_24_ultraWide\">\n<div class=\"et_pb_image_2 et_pb_image et_pb_module et_block_module\"><span class=\"et_pb_image_wrap\"><img loading=\"lazy\" decoding=\"async\" src=\"https:\/\/www.hispi.de\/wp-content\/uploads\/20171201-kurse-18uhr.png\" width=\"382\" height=\"544\" srcset=\"https:\/\/www.hispi.de\/wp-content\/uploads\/20171201-kurse-18uhr.png 382w, https:\/\/www.hispi.de\/wp-content\/uploads\/20171201-kurse-18uhr-211x300.png 211w\" sizes=\"(max-width: 382px) 100vw, 382px\" class=\"wp-image-154\" title=\"20171201-kurse-18uhr\" \/><\/span><\/div>\n\n<div class=\"et_pb_text_10 et_pb_text et_pb_bg_layout_light et_pb_module et_block_module et_pb_text_align_center preset--module--divi-text--69cb9a220bbab\"><div class=\"et_pb_text_inner\"><h3>18h00<\/h3>\n<p>- Groupe 1 -<\/p>\n<p>- Groupe 2 -<\/p>\n<\/div><\/div>\n<\/div>\n<\/div>\n<\/div>","protected":false},"excerpt":{"rendered":"","protected":false},"author":1,"featured_media":711,"parent":0,"menu_order":0,"comment_status":"closed","ping_status":"closed","template":"","meta":{"footnotes":""},"class_list":["post-749","page","type-page","status-publish","has-post-thumbnail","hentry"],"_links":{"self":[{"href":"https:\/\/www.hispi.de\/fr\/wp-json\/wp\/v2\/pages\/749","targetHints":{"allow":["GET"]}}],"collection":[{"href":"https:\/\/www.hispi.de\/fr\/wp-json\/wp\/v2\/pages"}],"about":[{"href":"https:\/\/www.hispi.de\/fr\/wp-json\/wp\/v2\/types\/page"}],"author":[{"embeddable":true,"href":"https:\/\/www.hispi.de\/fr\/wp-json\/wp\/v2\/users\/1"}],"replies":[{"embeddable":true,"href":"https:\/\/www.hispi.de\/fr\/wp-json\/wp\/v2\/comments?post=749"}],"version-history":[{"count":2,"href":"https:\/\/www.hispi.de\/fr\/wp-json\/wp\/v2\/pages\/749\/revisions"}],"predecessor-version":[{"id":889,"href":"https:\/\/www.hispi.de\/fr\/wp-json\/wp\/v2\/pages\/749\/revisions\/889"}],"wp:featuredmedia":[{"embeddable":true,"href":"https:\/\/www.hispi.de\/fr\/wp-json\/wp\/v2\/media\/711"}],"wp:attachment":[{"href":"https:\/\/www.hispi.de\/fr\/wp-json\/wp\/v2\/media?parent=749"}],"curies":[{"name":"wp","href":"https:\/\/api.w.org\/{rel}","templated":true}]}}