{"id":738,"date":"2026-01-25T11:34:39","date_gmt":"2026-01-25T10:34:39","guid":{"rendered":"https:\/\/hispi.kundenexpose.de\/a-propos-de-hispi\/notre-vision\/"},"modified":"2026-04-13T21:30:59","modified_gmt":"2026-04-13T19:30:59","slug":"notre-vision","status":"publish","type":"page","link":"https:\/\/www.hispi.de\/fr\/a-propos-de-hispi\/notre-vision\/","title":{"rendered":"Notre vision"},"content":{"rendered":"<div class=\"et_pb_section_0 et_pb_section et_section_regular et_block_section\">\n<div class=\"et_pb_row_0 et_pb_row et_block_row\">\n<div class=\"et_pb_column_0 et_pb_column et_pb_column_4_4 et-last-child et_block_column et_pb_css_mix_blend_mode_passthrough\">\n<div class=\"et_pb_text_0 et_pb_text et_pb_bg_layout_light et_pb_module et_block_module et_pb_text_align_right preset--module--divi-text--69cb9a220bbab\"><div class=\"et_pb_text_inner\"><h1>Notre vision<\/h1>\n<\/div><\/div>\n<\/div>\n<\/div>\n<\/div>\n\n<div class=\"et_pb_section_1 et_pb_section et_section_regular et_flex_section\">\n<div class=\"et_pb_row_1 et_pb_row et_flex_row\">\n<div class=\"et_pb_column_1 et_pb_column et_flex_column et_pb_css_mix_blend_mode_passthrough et_flex_column_3_5 et_flex_column_24_24_phone et_flex_column_24_24_phoneWide et_flex_column_3_5_tabletWide et_flex_column_3_5_widescreen et_flex_column_3_5_ultraWide\">\n<div class=\"et_pb_text_1 et_pb_text et_pb_bg_layout_light et_pb_module et_block_module preset--module--divi-text--69cb9a220bbab\"><div class=\"et_pb_text_inner\"><h2>Un lieu qui ouvre des acc\u00e8s<\/h2>\n<p>Depuis 2015, le HISPI est install\u00e9 au c\u0153ur de D\u00fcsseldorf. Situ\u00e9 au centre, nous cr\u00e9ons un lieu ouvert et facilement accessible, qui maintient volontairement un acc\u00e8s simple \u00e0 la langue allemande et \u00e0 nos offres.<\/p>\n<p>Notre site est bien plus qu\u2019un simple lieu d\u2019apprentissage. C\u2019est un lieu de rencontre vivant o\u00f9 les apprenant(e)s et les collaborateur\u00b7rice\u00b7s se retrouvent, \u00e9changent et apprennent les un(e)s des autres. Un lieu o\u00f9 l\u2019apprentissage se fait naturellement\u2014et o\u00f9 la rencontre fait tout simplement partie de l\u2019exp\u00e9rience.<\/p>\n<p>Au HISPI, nous regroupons diff\u00e9rentes offres sous un m\u00eame toit et adoptons une approche globale de l\u2019int\u00e9gration. Cela comprend le conseil en proc\u00e9dure et la pr\u00e9paration aux auditions avec Arrival Aid, ainsi que le HISPI LAB (apprentissage pour la formation et l\u2019emploi), des ateliers cr\u00e9atifs, des cours d\u2019informatique, une aide aux formulaires, des offres d\u2019int\u00e9gration, des groupes de conversation ainsi que des formations \u00e0 la candidature.<\/p>\n<p>En m\u00eame temps, nous consid\u00e9rons le HISPI comme un espace de coop\u00e9ration ouvert. En collaboration avec des partenaires issus de la soci\u00e9t\u00e9 civile, de la culture, de l\u2019\u00e9ducation et de l\u2019\u00e9conomie, nous d\u00e9veloppons les offres existantes et cr\u00e9ons de nouveaux formats. Nous renfor\u00e7ons ainsi l\u2019int\u00e9gration l\u00e0 o\u00f9 elle se construit: au quotidien, dans le vivre-ensemble et gr\u00e2ce \u00e0 des structures fiables.<\/p>\n<p><strong>Un lieu s\u00fbr. Un espace ouvert. De nombreux chemins vers la soci\u00e9t\u00e9.<\/strong><\/p>\n<p>&nbsp;<\/p>\n<\/div><\/div>\n<\/div>\n\n<div class=\"et_pb_column_2 et_pb_column et-last-child et_flex_column et_pb_css_mix_blend_mode_passthrough et_flex_column_2_5 et_flex_column_24_24_phone et_flex_column_24_24_phoneWide et_flex_column_2_5_tabletWide et_flex_column_2_5_widescreen et_flex_column_2_5_ultraWide\">\n<div class=\"et_pb_image_0 et_pb_image et_pb_module et_block_module\"><span class=\"et_pb_image_wrap\"><img loading=\"lazy\" decoding=\"async\" src=\"https:\/\/www.hispi.de\/wp-content\/uploads\/20200901-unsere-vision.jpg\" width=\"432\" height=\"447\" srcset=\"https:\/\/www.hispi.de\/wp-content\/uploads\/20200901-unsere-vision.jpg 432w, https:\/\/www.hispi.de\/wp-content\/uploads\/20200901-unsere-vision-290x300.jpg 290w\" sizes=\"(max-width: 432px) 100vw, 432px\" class=\"wp-image-222\" title=\"20200901-unsere-vision\" \/><\/span><\/div>\n<\/div>\n<\/div>\n<\/div>","protected":false},"excerpt":{"rendered":"","protected":false},"author":1,"featured_media":739,"parent":710,"menu_order":0,"comment_status":"closed","ping_status":"closed","template":"","meta":{"footnotes":""},"class_list":["post-738","page","type-page","status-publish","has-post-thumbnail","hentry"],"_links":{"self":[{"href":"https:\/\/www.hispi.de\/fr\/wp-json\/wp\/v2\/pages\/738","targetHints":{"allow":["GET"]}}],"collection":[{"href":"https:\/\/www.hispi.de\/fr\/wp-json\/wp\/v2\/pages"}],"about":[{"href":"https:\/\/www.hispi.de\/fr\/wp-json\/wp\/v2\/types\/page"}],"author":[{"embeddable":true,"href":"https:\/\/www.hispi.de\/fr\/wp-json\/wp\/v2\/users\/1"}],"replies":[{"embeddable":true,"href":"https:\/\/www.hispi.de\/fr\/wp-json\/wp\/v2\/comments?post=738"}],"version-history":[{"count":3,"href":"https:\/\/www.hispi.de\/fr\/wp-json\/wp\/v2\/pages\/738\/revisions"}],"predecessor-version":[{"id":742,"href":"https:\/\/www.hispi.de\/fr\/wp-json\/wp\/v2\/pages\/738\/revisions\/742"}],"up":[{"embeddable":true,"href":"https:\/\/www.hispi.de\/fr\/wp-json\/wp\/v2\/pages\/710"}],"wp:featuredmedia":[{"embeddable":true,"href":"https:\/\/www.hispi.de\/fr\/wp-json\/wp\/v2\/media\/739"}],"wp:attachment":[{"href":"https:\/\/www.hispi.de\/fr\/wp-json\/wp\/v2\/media?parent=738"}],"curies":[{"name":"wp","href":"https:\/\/api.w.org\/{rel}","templated":true}]}}