{"id":722,"date":"2026-01-25T11:33:59","date_gmt":"2026-01-25T10:33:59","guid":{"rendered":"https:\/\/hispi.kundenexpose.de\/a-propos-de-hispi\/partenariats\/"},"modified":"2026-04-13T21:19:18","modified_gmt":"2026-04-13T19:19:18","slug":"partenariats","status":"publish","type":"page","link":"https:\/\/www.hispi.de\/fr\/a-propos-de-hispi\/partenariats\/","title":{"rendered":"Partenariats"},"content":{"rendered":"<div class=\"et_pb_section_0 et_pb_section et_section_regular et_block_section\">\n<div class=\"et_pb_row_0 et_pb_row et_block_row\">\n<div class=\"et_pb_column_0 et_pb_column et_pb_column_4_4 et-last-child et_block_column et_pb_css_mix_blend_mode_passthrough\">\n<div class=\"et_pb_text_0 et_pb_text et_pb_bg_layout_light et_pb_module et_block_module et_pb_text_align_right preset--module--divi-text--69cb9a220bbab\"><div class=\"et_pb_text_inner\"><h1>Partenariats<\/h1>\n<\/div><\/div>\n<\/div>\n<\/div>\n<\/div>\n\n<div class=\"et_pb_section_1 et_pb_section et_section_regular et_flex_section\">\n<div class=\"et_pb_row_1 et_pb_row et_flex_row\">\n<div class=\"et_pb_column_1 et_pb_column et_flex_column et_pb_css_mix_blend_mode_passthrough et_flex_column_8_24 et_flex_column_8_24_tablet et_flex_column_24_24_phone et_flex_column_24_24_phoneWide et_flex_column_8_24_tabletWide et_flex_column_8_24_widescreen et_flex_column_8_24_ultraWide\">\n<div class=\"et_pb_image_0 et_pb_image et_pb_module et_block_module\"><span class=\"et_pb_image_wrap\"><img loading=\"lazy\" decoding=\"async\" src=\"https:\/\/www.hispi.de\/wp-content\/uploads\/20240104-unterstuetzer-segro-logo.png\" width=\"250\" height=\"150\" srcset=\"https:\/\/www.hispi.de\/wp-content\/uploads\/20240104-unterstuetzer-segro-logo.png 250w\" sizes=\"(max-width: 250px) 100vw, 250px\" class=\"wp-image-290\" title=\"20240104-unterstuetzer-segro-logo\" \/><\/span><\/div>\n<\/div>\n\n<div class=\"et_pb_column_2 et_pb_column et-last-child et_flex_column et_pb_css_mix_blend_mode_passthrough et_flex_column_16_24 et_flex_column_16_24_tablet et_flex_column_24_24_phone et_flex_column_24_24_phoneWide et_flex_column_16_24_tabletWide et_flex_column_16_24_widescreen et_flex_column_16_24_ultraWide\">\n<div class=\"et_pb_text_1 et_pb_text et_pb_bg_layout_light et_pb_module et_block_module preset--module--divi-text--69cb9a220bbab\"><div class=\"et_pb_text_inner\"><h3>SEGRO en tant que soutien du Hispi LAB<\/h3>\n<p>Depuis 2023, nous b\u00e9n\u00e9ficions avec plaisir du soutien de SEGRO pour le Hispi LAB.<\/p>\n<p>Au Hispi LAB, les apprenti(e)s ou \u00e9l\u00e8ves d\u2019\u00e9coles professionnelles re\u00e7oivent un soutien dans des mati\u00e8res telles que l\u2019allemand, les math\u00e9matiques, la politique, etc.<\/p>\n<p>L\u2019objectif de notre programme Hispi LAB (apprentissage pour la formation et l\u2019emploi) est de permettre aux apprenti(e)s et aux \u00e9l\u00e8ves des \u00e9coles professionnelles de suivre les contenus de leur formation et de r\u00e9ussir la partie th\u00e9orique de leurs examens finaux.<\/p>\n<p>Les cours de soutien ont lieu les lundis, mardis, mercredis et jeudis de 17h30 \u00e0 19h00.<\/p>\n<p>L\u2019inscription est possible au 0211-669 638 43.<\/p>\n<\/div><\/div>\n<\/div>\n<\/div>\n<\/div>\n\n<div class=\"et_pb_section_2 et_pb_section et_section_regular et_flex_section\">\n<div class=\"et_pb_row_2 et_pb_row et_flex_row\">\n<div class=\"et_pb_column_3 et_pb_column et_flex_column et_pb_css_mix_blend_mode_passthrough et_flex_column_16_24 et_flex_column_16_24_tablet et_flex_column_24_24_phone et_flex_column_24_24_phoneWide et_flex_column_16_24_tabletWide et_flex_column_16_24_widescreen et_flex_column_16_24_ultraWide\">\n<div class=\"et_pb_text_2 et_pb_text et_pb_bg_layout_light et_pb_module et_block_module preset--module--divi-text--69cb9a220bbab\"><div class=\"et_pb_text_inner\"><h3>SKEI - Conseil en apprentissage des langues<\/h3>\n<p>Le conseil en apprentissage des langues s\u2019adresse aux personnes qui apprennent l\u2019allemand et souhaitent organiser leur parcours d\u2019apprentissage de mani\u00e8re plus consciente, structur\u00e9e et efficace.<\/p>\n<p>Le conseil en apprentissage des langues n\u2019est pas un cours d\u2019allemand, mais un accompagnement sous forme de coaching autour de l\u2019apprentissage de l\u2019allemand. L\u2019accent est mis sur une \u00e9valuation approfondie du niveau de langue actuel, la clarification des objectifs d\u2019apprentissage personnels ainsi que le d\u00e9veloppement de strat\u00e9gies d\u2019apprentissage adapt\u00e9es\u2014en fonction des situations de vie et des possibilit\u00e9s de chacun(e).<\/p>\n<p>Le conseil peut aider \u00e0 trouver des formats d\u2019apprentissage ou des offres de cours adapt\u00e9s, \u00e0 r\u00e9duire les incertitudes et \u00e0 gagner en rep\u00e8res et en confiance dans le processus d\u2019apprentissage. Si n\u00e9cessaire, des offres compl\u00e9mentaires, des possibilit\u00e9s d\u2019apprentissage num\u00e9riques ou des parcours de formation externes peuvent \u00e9galement \u00eatre propos\u00e9s.<\/p>\n<\/div><\/div>\n<\/div>\n\n<div class=\"et_pb_column_4 et_pb_column et-last-child et_flex_column et_pb_css_mix_blend_mode_passthrough et_flex_column_8_24 et_flex_column_8_24_tablet et_flex_column_24_24_phone et_flex_column_24_24_phoneWide et_flex_column_8_24_tabletWide et_flex_column_8_24_widescreen et_flex_column_8_24_ultraWide\">\n<div class=\"et_pb_image_1 et_pb_image et_pb_module et_block_module\"><span class=\"et_pb_image_wrap\"><img loading=\"lazy\" decoding=\"async\" src=\"https:\/\/www.hispi.de\/wp-content\/uploads\/Full-Logo-One-Color-scaled.png\" width=\"2560\" height=\"2560\" srcset=\"https:\/\/www.hispi.de\/wp-content\/uploads\/Full-Logo-One-Color-scaled.png 2560w, https:\/\/www.hispi.de\/wp-content\/uploads\/Full-Logo-One-Color-1280x1280.png 1280w, https:\/\/www.hispi.de\/wp-content\/uploads\/Full-Logo-One-Color-980x980.png 980w, https:\/\/www.hispi.de\/wp-content\/uploads\/Full-Logo-One-Color-480x480.png 480w\" sizes=\"(min-width: 0px) and (max-width: 480px) 480px, (min-width: 481px) and (max-width: 980px) 980px, (min-width: 981px) and (max-width: 1280px) 1280px, (min-width: 1281px) 2560px, 100vw\" class=\"wp-image-287\" title=\"Full-Logo-One-Color\" \/><\/span><\/div>\n<\/div>\n<\/div>\n<\/div>\n\n<div class=\"et_pb_section_3 et_pb_section et_section_regular et_flex_section\">\n<div class=\"et_pb_row_3 et_pb_row et_flex_row\">\n<div class=\"et_pb_column_5 et_pb_column et_flex_column et_pb_css_mix_blend_mode_passthrough et_flex_column_8_24 et_flex_column_8_24_tablet et_flex_column_24_24_phone et_flex_column_24_24_phoneWide et_flex_column_8_24_tabletWide et_flex_column_8_24_widescreen et_flex_column_8_24_ultraWide\">\n<div class=\"et_pb_image_2 et_pb_image et_pb_module et_block_module\"><span class=\"et_pb_image_wrap\"><img loading=\"lazy\" decoding=\"async\" src=\"https:\/\/www.hispi.de\/wp-content\/uploads\/logo_aaduesseldorf_rgb.jpg\" width=\"2150\" height=\"640\" srcset=\"https:\/\/www.hispi.de\/wp-content\/uploads\/logo_aaduesseldorf_rgb.jpg 2150w, https:\/\/www.hispi.de\/wp-content\/uploads\/logo_aaduesseldorf_rgb-1280x381.jpg 1280w, https:\/\/www.hispi.de\/wp-content\/uploads\/logo_aaduesseldorf_rgb-980x292.jpg 980w, https:\/\/www.hispi.de\/wp-content\/uploads\/logo_aaduesseldorf_rgb-480x143.jpg 480w\" sizes=\"(min-width: 0px) and (max-width: 480px) 480px, (min-width: 481px) and (max-width: 980px) 980px, (min-width: 981px) and (max-width: 1280px) 1280px, (min-width: 1281px) 2150px, 100vw\" class=\"wp-image-388\" title=\"logo_aaduesseldorf_rgb\" \/><\/span><\/div>\n<\/div>\n\n<div class=\"et_pb_column_6 et_pb_column et-last-child et_flex_column et_pb_css_mix_blend_mode_passthrough et_flex_column_16_24 et_flex_column_16_24_tablet et_flex_column_24_24_phone et_flex_column_24_24_phoneWide et_flex_column_16_24_tabletWide et_flex_column_16_24_widescreen et_flex_column_16_24_ultraWide\">\n<div class=\"et_pb_text_3 et_pb_text et_pb_bg_layout_light et_pb_module et_block_module preset--module--divi-text--69cb9a220bbab\"><div class=\"et_pb_text_inner\"><h3>Pr\u00e9paration aux auditions &amp; accompagnement juridique pour les recours<\/h3>\n<p>En coop\u00e9ration avec notre partenaire \u00ab Arrival Aid \u00bb de Munich, nous proposons au Hispi une pr\u00e9paration aux auditions et un accompagnement juridique pour les recours.<\/p>\n<\/div><\/div>\n<\/div>\n<\/div>\n<\/div>\n\n<div class=\"et_pb_section_4 et_pb_section et_section_regular et_flex_section\">\n<div class=\"et_pb_row_4 et_pb_row et_flex_row\">\n<div class=\"et_pb_column_7 et_pb_column et_flex_column et_pb_css_mix_blend_mode_passthrough et_flex_column_16_24 et_flex_column_16_24_tablet et_flex_column_24_24_phone et_flex_column_24_24_phoneWide et_flex_column_16_24_tabletWide et_flex_column_16_24_widescreen et_flex_column_16_24_ultraWide\">\n<div class=\"et_pb_text_4 et_pb_text et_pb_bg_layout_light et_pb_module et_block_module preset--module--divi-text--69cb9a220bbab\"><div class=\"et_pb_text_inner\"><h3>D\u00e9partement de la culture, de l\u2019int\u00e9gration et de la sant\u00e9<\/h3>\n<p>En \u00e9troite collaboration avec le d\u00e9partement 9 et le service de la migration et de l\u2019int\u00e9gration de la ville de D\u00fcsseldorf, nous nous engageons pour une int\u00e9gration durable et une participation \u00e0 la vie sociale.<\/p>\n<\/div><\/div>\n<\/div>\n\n<div class=\"et_pb_column_8 et_pb_column et-last-child et_flex_column et_pb_css_mix_blend_mode_passthrough et_flex_column_8_24 et_flex_column_8_24_tablet et_flex_column_24_24_phone et_flex_column_24_24_phoneWide et_flex_column_8_24_tabletWide et_flex_column_8_24_widescreen et_flex_column_8_24_ultraWide\">\n<div class=\"et_pb_image_3 et_pb_image et_pb_module et_block_module\"><span class=\"et_pb_image_wrap\"><img loading=\"lazy\" decoding=\"async\" src=\"https:\/\/www.hispi.de\/wp-content\/uploads\/Dezernat.jpg\" width=\"1536\" height=\"1536\" srcset=\"https:\/\/www.hispi.de\/wp-content\/uploads\/Dezernat.jpg 1536w, https:\/\/www.hispi.de\/wp-content\/uploads\/Dezernat-1280x1280.jpg 1280w, https:\/\/www.hispi.de\/wp-content\/uploads\/Dezernat-980x980.jpg 980w, https:\/\/www.hispi.de\/wp-content\/uploads\/Dezernat-480x480.jpg 480w\" sizes=\"(min-width: 0px) and (max-width: 480px) 480px, (min-width: 481px) and (max-width: 980px) 980px, (min-width: 981px) and (max-width: 1280px) 1280px, (min-width: 1281px) 1536px, 100vw\" class=\"wp-image-475\" title=\"Dezernat\" \/><\/span><\/div>\n<\/div>\n<\/div>\n<\/div>\n\n<div class=\"et_pb_section_5 et_pb_section et_section_regular et_flex_section\">\n<div class=\"et_pb_row_5 et_pb_row et_flex_row\">\n<div class=\"et_pb_column_9 et_pb_column et_flex_column et_pb_css_mix_blend_mode_passthrough et_flex_column_8_24 et_flex_column_8_24_tablet et_flex_column_24_24_phone et_flex_column_24_24_phoneWide et_flex_column_8_24_tabletWide et_flex_column_8_24_widescreen et_flex_column_8_24_ultraWide\">\n<div class=\"et_pb_image_4 et_pb_image et_pb_module et_block_module\"><span class=\"et_pb_image_wrap\"><img loading=\"lazy\" decoding=\"async\" src=\"https:\/\/www.hispi.de\/wp-content\/uploads\/20210507-partnerschaften-kulturamt.jpg\" width=\"1316\" height=\"724\" srcset=\"https:\/\/www.hispi.de\/wp-content\/uploads\/20210507-partnerschaften-kulturamt.jpg 1316w, https:\/\/www.hispi.de\/wp-content\/uploads\/20210507-partnerschaften-kulturamt-1280x704.jpg 1280w, https:\/\/www.hispi.de\/wp-content\/uploads\/20210507-partnerschaften-kulturamt-980x539.jpg 980w, https:\/\/www.hispi.de\/wp-content\/uploads\/20210507-partnerschaften-kulturamt-480x264.jpg 480w\" sizes=\"(min-width: 0px) and (max-width: 480px) 480px, (min-width: 481px) and (max-width: 980px) 980px, (min-width: 981px) and (max-width: 1280px) 1280px, (min-width: 1281px) 1316px, 100vw\" class=\"wp-image-289\" title=\"20210507-partnerschaften-kulturamt\" \/><\/span><\/div>\n<\/div>\n\n<div class=\"et_pb_column_10 et_pb_column et-last-child et_flex_column et_pb_css_mix_blend_mode_passthrough et_flex_column_16_24 et_flex_column_16_24_tablet et_flex_column_24_24_phone et_flex_column_24_24_phoneWide et_flex_column_16_24_tabletWide et_flex_column_16_24_widescreen et_flex_column_16_24_ultraWide\">\n<div class=\"et_pb_text_5 et_pb_text et_pb_bg_layout_light et_pb_module et_block_module preset--module--divi-text--69cb9a220bbab\"><div class=\"et_pb_text_inner\"><h3>Service culturel de la ville de D\u00fcsseldorf<\/h3>\n<p>Le service culturel de D\u00fcsseldorf finance des cours de peinture \u00e0 l\u2019huile libre destin\u00e9s aux personnes r\u00e9fugi\u00e9es, qui ont lieu au Hispi.<\/p>\n<\/div><\/div>\n<\/div>\n<\/div>\n<\/div>","protected":false},"excerpt":{"rendered":"","protected":false},"author":1,"featured_media":723,"parent":710,"menu_order":0,"comment_status":"closed","ping_status":"closed","template":"","meta":{"footnotes":""},"class_list":["post-722","page","type-page","status-publish","has-post-thumbnail","hentry"],"_links":{"self":[{"href":"https:\/\/www.hispi.de\/fr\/wp-json\/wp\/v2\/pages\/722","targetHints":{"allow":["GET"]}}],"collection":[{"href":"https:\/\/www.hispi.de\/fr\/wp-json\/wp\/v2\/pages"}],"about":[{"href":"https:\/\/www.hispi.de\/fr\/wp-json\/wp\/v2\/types\/page"}],"author":[{"embeddable":true,"href":"https:\/\/www.hispi.de\/fr\/wp-json\/wp\/v2\/users\/1"}],"replies":[{"embeddable":true,"href":"https:\/\/www.hispi.de\/fr\/wp-json\/wp\/v2\/comments?post=722"}],"version-history":[{"count":3,"href":"https:\/\/www.hispi.de\/fr\/wp-json\/wp\/v2\/pages\/722\/revisions"}],"predecessor-version":[{"id":726,"href":"https:\/\/www.hispi.de\/fr\/wp-json\/wp\/v2\/pages\/722\/revisions\/726"}],"up":[{"embeddable":true,"href":"https:\/\/www.hispi.de\/fr\/wp-json\/wp\/v2\/pages\/710"}],"wp:featuredmedia":[{"embeddable":true,"href":"https:\/\/www.hispi.de\/fr\/wp-json\/wp\/v2\/media\/723"}],"wp:attachment":[{"href":"https:\/\/www.hispi.de\/fr\/wp-json\/wp\/v2\/media?parent=722"}],"curies":[{"name":"wp","href":"https:\/\/api.w.org\/{rel}","templated":true}]}}