{"id":716,"date":"2026-01-25T11:33:43","date_gmt":"2026-01-25T10:33:43","guid":{"rendered":"https:\/\/hispi.kundenexpose.de\/a-propos-de-hispi\/mission-et-valeurs\/"},"modified":"2026-04-13T21:11:30","modified_gmt":"2026-04-13T19:11:30","slug":"mission-et-valeurs","status":"publish","type":"page","link":"https:\/\/www.hispi.de\/fr\/a-propos-de-hispi\/mission-et-valeurs\/","title":{"rendered":"Mission et valeurs"},"content":{"rendered":"<div class=\"et_pb_section_0 et_pb_section et_section_regular et_block_section\">\n<div class=\"et_pb_row_0 et_pb_row et_block_row\">\n<div class=\"et_pb_column_0 et_pb_column et_pb_column_4_4 et-last-child et_block_column et_pb_css_mix_blend_mode_passthrough\">\n<div class=\"et_pb_text_0 et_pb_text et_pb_bg_layout_light et_pb_module et_block_module et_pb_text_align_right preset--module--divi-text--69cb9a220bbab\"><div class=\"et_pb_text_inner\"><h1>Mission et valeurs<\/h1>\n<\/div><\/div>\n<\/div>\n<\/div>\n<\/div>\n\n<div class=\"et_pb_section_1 et_pb_section et_section_regular et_flex_section\">\n<div class=\"et_pb_row_1 et_pb_row et_flex_row\">\n<div class=\"et_pb_column_1 et_pb_column et_flex_column et_pb_css_mix_blend_mode_passthrough et_flex_column_3_5 et_flex_column_24_24_phone et_flex_column_24_24_phoneWide et_flex_column_3_5_tabletWide et_flex_column_3_5_widescreen et_flex_column_3_5_ultraWide\">\n<div class=\"et_pb_text_1 et_pb_text et_pb_bg_layout_light et_pb_module et_block_module preset--module--divi-text--69cb9a220bbab\"><div class=\"et_pb_text_inner\"><h2>Apprendre l\u2019allemand, c\u2019est comprendre ensemble<\/h2>\n<p>La langue est plus qu\u2019un outil. Elle ouvre l\u2019acc\u00e8s \u00e0 l\u2019\u00e9ducation, \u00e0 l\u2019emploi et \u00e0 la participation sociale\u2014et elle cr\u00e9e des liens entre les personnes. Celles et ceux qui comprennent la langue du quotidien peuvent participer activement, s\u2019exprimer et \u00e9voluer avec plus de confiance dans leur propre vie.<\/p>\n<p>Au HISPI, nous consid\u00e9rons l\u2019apprentissage de l\u2019allemand comme un processus collectif. Il ne s\u2019agit pas seulement de grammaire ou de vocabulaire, mais aussi d\u2019orientation, d\u2019\u00e9change et de compr\u00e9hension mutuelle. La langue permet d\u2019exprimer ses besoins, de partager ses exp\u00e9riences et de faire partie d\u2019une communaut\u00e9.<\/p>\n<p>C\u2019est pourquoi nous cr\u00e9ons des espaces d\u2019apprentissage marqu\u00e9s par le respect, l\u2019ouverture et la curiosit\u00e9. Des espaces o\u00f9 les questions sont les bienvenues, o\u00f9 les diff\u00e9rences peuvent rester visibles et o\u00f9 l\u2019apprentissage se fait d\u2019\u00e9gal \u00e0 \u00e9gal. Notre approche est concr\u00e8te, orient\u00e9e vers la pratique et s\u2019appuie sur les situations de vie r\u00e9elles des personnes qui viennent chez nous.<\/p>\n<p>Nous sommes convaincu(e)s que la coh\u00e9sion sociale na\u00eet l\u00e0 o\u00f9 les personnes peuvent se comprendre\u2014tant sur le plan linguistique qu\u2019humain. C\u2019est exactement \u00e0 cela que nous travaillons au HISPI\u2014chaque jour.<\/p>\n<p>&nbsp;<\/p>\n<\/div><\/div>\n<\/div>\n\n<div class=\"et_pb_column_2 et_pb_column et-last-child et_flex_column et_pb_css_mix_blend_mode_passthrough et_flex_column_2_5 et_flex_column_24_24_phone et_flex_column_24_24_phoneWide et_flex_column_2_5_tabletWide et_flex_column_2_5_widescreen et_flex_column_2_5_ultraWide\">\n<div class=\"et_pb_image_0 et_pb_image et_pb_module et_block_module\"><span class=\"et_pb_image_wrap\"><img loading=\"lazy\" decoding=\"async\" src=\"https:\/\/www.hispi.de\/wp-content\/uploads\/Frauenfruehstueck.png\" width=\"521\" height=\"414\" srcset=\"https:\/\/www.hispi.de\/wp-content\/uploads\/Frauenfruehstueck.png 521w, https:\/\/www.hispi.de\/wp-content\/uploads\/Frauenfruehstueck-480x381.png 480w\" sizes=\"(min-width: 0px) and (max-width: 480px) 480px, (min-width: 481px) 521px, 100vw\" class=\"wp-image-230\" title=\"Frauenfruehstueck\" \/><\/span><\/div>\n<\/div>\n<\/div>\n<\/div>","protected":false},"excerpt":{"rendered":"","protected":false},"author":1,"featured_media":717,"parent":710,"menu_order":0,"comment_status":"closed","ping_status":"closed","template":"","meta":{"footnotes":""},"class_list":["post-716","page","type-page","status-publish","has-post-thumbnail","hentry"],"_links":{"self":[{"href":"https:\/\/www.hispi.de\/fr\/wp-json\/wp\/v2\/pages\/716","targetHints":{"allow":["GET"]}}],"collection":[{"href":"https:\/\/www.hispi.de\/fr\/wp-json\/wp\/v2\/pages"}],"about":[{"href":"https:\/\/www.hispi.de\/fr\/wp-json\/wp\/v2\/types\/page"}],"author":[{"embeddable":true,"href":"https:\/\/www.hispi.de\/fr\/wp-json\/wp\/v2\/users\/1"}],"replies":[{"embeddable":true,"href":"https:\/\/www.hispi.de\/fr\/wp-json\/wp\/v2\/comments?post=716"}],"version-history":[{"count":1,"href":"https:\/\/www.hispi.de\/fr\/wp-json\/wp\/v2\/pages\/716\/revisions"}],"predecessor-version":[{"id":718,"href":"https:\/\/www.hispi.de\/fr\/wp-json\/wp\/v2\/pages\/716\/revisions\/718"}],"up":[{"embeddable":true,"href":"https:\/\/www.hispi.de\/fr\/wp-json\/wp\/v2\/pages\/710"}],"wp:featuredmedia":[{"embeddable":true,"href":"https:\/\/www.hispi.de\/fr\/wp-json\/wp\/v2\/media\/717"}],"wp:attachment":[{"href":"https:\/\/www.hispi.de\/fr\/wp-json\/wp\/v2\/media?parent=716"}],"curies":[{"name":"wp","href":"https:\/\/api.w.org\/{rel}","templated":true}]}}