{"id":703,"date":"2026-01-25T11:32:53","date_gmt":"2026-01-25T10:32:53","guid":{"rendered":"https:\/\/hispi.kundenexpose.de\/projets\/fem-power-materiel\/"},"modified":"2026-04-13T20:53:15","modified_gmt":"2026-04-13T18:53:15","slug":"fem-power-materiel","status":"publish","type":"page","link":"https:\/\/www.hispi.de\/fr\/projets\/fem-power-materiel\/","title":{"rendered":"FEM-Power Mat\u00e9riel"},"content":{"rendered":"<div class=\"et_pb_section_0 et_pb_section et_section_regular et_block_section\">\n<div class=\"et_pb_row_0 et_pb_row et_block_row\">\n<div class=\"et_pb_column_0 et_pb_column et_pb_column_4_4 et-last-child et_block_column et_pb_css_mix_blend_mode_passthrough\">\n<div class=\"et_pb_text_0 et_pb_text et_pb_bg_layout_light et_pb_module et_block_module et_pb_text_align_right preset--module--divi-text--69cb9a220bbab\"><div class=\"et_pb_text_inner\"><h1>FEM-Power Mat\u00e9riel<\/h1>\n<\/div><\/div>\n<\/div>\n<\/div>\n<\/div>\n\n<div class=\"et_pb_section_1 et_pb_section et_section_regular et_flex_section\">\n<div class=\"et_pb_row_1 et_pb_row et_flex_row\">\n<div class=\"et_pb_column_1 et_pb_column et-last-child et_block_column et_pb_css_mix_blend_mode_passthrough et_flex_column_24_24 et_flex_column_24_24_tablet et_flex_column_24_24_phone et_flex_column_24_24_phoneWide et_flex_column_24_24_tabletWide et_flex_column_24_24_widescreen et_flex_column_24_24_ultraWide\">\n<div class=\"et_pb_text_1 et_pb_text et_pb_bg_layout_light et_pb_module et_block_module preset--module--divi-text--69cb9a220bbab\"><div class=\"et_pb_text_inner\"><h2>Handbook<\/h2>\n<\/div><\/div>\n<\/div>\n<\/div>\n\n<div class=\"et_pb_row_2 et_pb_row et_flex_row\">\n<div class=\"et_pb_column_2 et_pb_column et_flex_column et_pb_css_mix_blend_mode_passthrough et_flex_column_24_24 et_flex_column_24_24_tablet et_flex_column_24_24_phone et_flex_column_24_24_phoneWide et_flex_column_24_24_tabletWide et_flex_column_24_24_widescreen et_flex_column_24_24_ultraWide\">\n<div class=\"et_pb_text_2 et_pb_text et_pb_bg_layout_light et_pb_module et_block_module et_pb_text_align_center preset--module--divi-text--69cb9a220bbab\"><div class=\"et_pb_text_inner\"><h3>Manuel (allemand)<\/h3>\n<\/div><\/div>\n\n<div class=\"et_pb_module et_pb_button_module_wrapper et_pb_button_0_wrapper\"><a class=\"et_pb_button_0 et_pb_button et_pb_bg_layout_light et_pb_module et_block_module\" href=\"\/wp-content\/uploads\/German-version-Handbook-Creative-FEM-Power.pdf\" target=\"_blank\" data-icon=\"T\">Ouvrir le PDF<\/a><\/div>\n<\/div>\n\n<div class=\"et_pb_column_3 et_pb_column et_flex_column et_pb_css_mix_blend_mode_passthrough et_flex_column_24_24 et_flex_column_24_24_tablet et_flex_column_24_24_phone et_flex_column_24_24_phoneWide et_flex_column_24_24_tabletWide et_flex_column_24_24_widescreen et_flex_column_24_24_ultraWide\">\n<div class=\"et_pb_text_3 et_pb_text et_pb_bg_layout_light et_pb_module et_block_module et_pb_text_align_center preset--module--divi-text--69cb9a220bbab\"><div class=\"et_pb_text_inner\"><h3>Manuel (anglais)<\/h3>\n<\/div><\/div>\n\n<div class=\"et_pb_module et_pb_button_module_wrapper et_pb_button_1_wrapper\"><a class=\"et_pb_button_1 et_pb_button et_pb_bg_layout_light et_pb_module et_block_module\" href=\"\/wp-content\/uploads\/English-version-Handbook-Creative-FEM-Power.pdf\" target=\"_blank\" data-icon=\"T\">Ouvrir le PDF<\/a><\/div>\n<\/div>\n\n<div class=\"et_pb_column_4 et_pb_column et-last-child et_flex_column et_pb_css_mix_blend_mode_passthrough et_flex_column_24_24 et_flex_column_24_24_tablet et_flex_column_24_24_phone et_flex_column_24_24_phoneWide et_flex_column_24_24_tabletWide et_flex_column_24_24_widescreen et_flex_column_24_24_ultraWide\">\n<div class=\"et_pb_text_4 et_pb_text et_pb_bg_layout_light et_pb_module et_block_module et_pb_text_align_center preset--module--divi-text--69cb9a220bbab\"><div class=\"et_pb_text_inner\"><h3>Manuel (finnois)<\/h3>\n<\/div><\/div>\n\n<div class=\"et_pb_module et_pb_button_module_wrapper et_pb_button_2_wrapper\"><a class=\"et_pb_button_2 et_pb_button et_pb_bg_layout_light et_pb_module et_block_module\" href=\"\/wp-content\/uploads\/Finnish-Version-Creative-FEM-Power-Handbook-.pdf\" target=\"_blank\" data-icon=\"T\">Ouvrir le PDF<\/a><\/div>\n<\/div>\n<\/div>\n\n<div class=\"et_pb_row_3 et_pb_row et_flex_row\">\n<div class=\"et_pb_column_5 et_pb_column et_flex_column et_pb_css_mix_blend_mode_passthrough et_flex_column_24_24 et_flex_column_24_24_tablet et_flex_column_24_24_phone et_flex_column_24_24_phoneWide et_flex_column_24_24_tabletWide et_flex_column_24_24_widescreen et_flex_column_24_24_ultraWide\">\n<div class=\"et_pb_text_5 et_pb_text et_pb_bg_layout_light et_pb_module et_block_module et_pb_text_align_center preset--module--divi-text--69cb9a220bbab\"><div class=\"et_pb_text_inner\"><h3>Manuel (slov\u00e8ne)<\/h3>\n<\/div><\/div>\n\n<div class=\"et_pb_module et_pb_button_module_wrapper et_pb_button_3_wrapper\"><a class=\"et_pb_button_3 et_pb_button et_pb_bg_layout_light et_pb_module et_block_module\" href=\"\/wp-content\/uploads\/Slovenian-version-Handbook-Creative-FEM-Power.pdf\" target=\"_blank\" data-icon=\"T\">Ouvrir le PDF<\/a><\/div>\n<\/div>\n\n<div class=\"et_pb_column_6 et_pb_column et_flex_column et_pb_css_mix_blend_mode_passthrough et_flex_column_24_24 et_flex_column_24_24_tablet et_flex_column_24_24_phone et_flex_column_24_24_phoneWide et_flex_column_24_24_tabletWide et_flex_column_24_24_widescreen et_flex_column_24_24_ultraWide\">\n<div class=\"et_pb_text_6 et_pb_text et_pb_bg_layout_light et_pb_module et_block_module et_pb_text_align_center preset--module--divi-text--69cb9a220bbab\"><div class=\"et_pb_text_inner\"><h3>Manuel (italien)<\/h3>\n<\/div><\/div>\n\n<div class=\"et_pb_module et_pb_button_module_wrapper et_pb_button_4_wrapper\"><a class=\"et_pb_button_4 et_pb_button et_pb_bg_layout_light et_pb_module et_block_module\" href=\"\/wp-content\/uploads\/Italian-version-Handbook-Creative-FEM-Power.pdf\" target=\"_blank\" data-icon=\"T\">Ouvrir le PDF<\/a><\/div>\n<\/div>\n\n<div class=\"et_pb_column_7 et_pb_column et-last-child et_flex_column et_pb_column_empty et_pb_css_mix_blend_mode_passthrough et_flex_column_24_24 et_flex_column_24_24_tablet et_flex_column_24_24_phone et_flex_column_24_24_phoneWide et_flex_column_24_24_tabletWide et_flex_column_24_24_widescreen et_flex_column_24_24_ultraWide\"><\/div>\n<\/div>\n<\/div>\n\n<div class=\"et_pb_section_2 et_pb_section et_section_regular et_flex_section\">\n<div class=\"et_pb_row_4 et_pb_row et_flex_row\">\n<div class=\"et_pb_column_8 et_pb_column et-last-child et_flex_column et_pb_css_mix_blend_mode_passthrough et_flex_column_24_24 et_flex_column_24_24_tablet et_flex_column_24_24_phone et_flex_column_24_24_phoneWide et_flex_column_24_24_tabletWide et_flex_column_24_24_widescreen et_flex_column_24_24_ultraWide\">\n<div class=\"et_pb_text_7 et_pb_text et_pb_bg_layout_light et_pb_module et_block_module preset--module--divi-text--69cb9a220bbab\"><div class=\"et_pb_text_inner\"><h2>Lignes directrices<\/h2>\n<\/div><\/div>\n<\/div>\n<\/div>\n\n<div class=\"et_pb_row_5 et_pb_row et_flex_row\">\n<div class=\"et_pb_column_9 et_pb_column et_flex_column et_pb_css_mix_blend_mode_passthrough et_flex_column_24_24 et_flex_column_24_24_tablet et_flex_column_24_24_phone et_flex_column_24_24_phoneWide et_flex_column_24_24_tabletWide et_flex_column_24_24_widescreen et_flex_column_24_24_ultraWide\">\n<div class=\"et_pb_text_8 et_pb_text et_pb_bg_layout_light et_pb_module et_block_module et_pb_text_align_center preset--module--divi-text--69cb9a220bbab\"><div class=\"et_pb_text_inner\"><h3>Outils cr\u00e9atifs pour l\u2019apprentissage des langues<\/h3>\n<\/div><\/div>\n\n<div class=\"et_pb_module et_pb_button_module_wrapper et_pb_button_5_wrapper\"><a class=\"et_pb_button_5 et_pb_button et_pb_bg_layout_light et_pb_module et_block_module\" href=\"\/wp-content\/uploads\/Deutsche-Version_-Kreative-Werkzeuge-fuer-den-Spracherwerb.pdf\" target=\"_blank\" data-icon=\"T\">Ouvrir le PDF<\/a><\/div>\n<\/div>\n\n<div class=\"et_pb_column_10 et_pb_column et-last-child et_flex_column et_pb_css_mix_blend_mode_passthrough et_flex_column_24_24 et_flex_column_24_24_tablet et_flex_column_24_24_phone et_flex_column_24_24_phoneWide et_flex_column_24_24_tabletWide et_flex_column_24_24_widescreen et_flex_column_24_24_ultraWide\">\n<div class=\"et_pb_text_9 et_pb_text et_pb_bg_layout_light et_pb_module et_block_module et_pb_text_align_center preset--module--divi-text--69cb9a220bbab\"><div class=\"et_pb_text_inner\"><h3>Compendium de m\u00e9thodes cr\u00e9atives<\/h3>\n<\/div><\/div>\n\n<div class=\"et_pb_module et_pb_button_module_wrapper et_pb_button_6_wrapper\"><a class=\"et_pb_button_6 et_pb_button et_pb_bg_layout_light et_pb_module et_block_module\" href=\"\/wp-content\/uploads\/Kompendium-kreativer-Methoden.pdf\" target=\"_blank\" data-icon=\"T\">Ouvrir le PDF<\/a><\/div>\n<\/div>\n<\/div>\n\n<div class=\"et_pb_row_6 et_pb_row et_flex_row\">\n<div class=\"et_pb_column_11 et_pb_column et_flex_column et_pb_css_mix_blend_mode_passthrough et_flex_column_24_24 et_flex_column_24_24_tablet et_flex_column_24_24_phone et_flex_column_24_24_phoneWide et_flex_column_24_24_tabletWide et_flex_column_24_24_widescreen et_flex_column_24_24_ultraWide\">\n<div class=\"et_pb_text_10 et_pb_text et_pb_bg_layout_light et_pb_module et_block_module et_pb_text_align_center preset--module--divi-text--69cb9a220bbab\"><div class=\"et_pb_text_inner\"><h3>Outils cr\u00e9atifs pour l\u2019apprentissage des langues<\/h3>\n<\/div><\/div>\n\n<div class=\"et_pb_module et_pb_button_module_wrapper et_pb_button_7_wrapper\"><a class=\"et_pb_button_7 et_pb_button et_pb_bg_layout_light et_pb_module et_block_module\" href=\"\/wp-content\/uploads\/Guidelines-Creative-tools-for-language-learning.pdf\" target=\"_blank\" data-icon=\"T\">Ouvrir le PDF<\/a><\/div>\n<\/div>\n\n<div class=\"et_pb_column_12 et_pb_column et-last-child et_flex_column et_pb_css_mix_blend_mode_passthrough et_flex_column_24_24 et_flex_column_24_24_tablet et_flex_column_24_24_phone et_flex_column_24_24_phoneWide et_flex_column_24_24_tabletWide et_flex_column_24_24_widescreen et_flex_column_24_24_ultraWide\">\n<div class=\"et_pb_text_11 et_pb_text et_pb_bg_layout_light et_pb_module et_block_module et_pb_text_align_center preset--module--divi-text--69cb9a220bbab\"><div class=\"et_pb_text_inner\"><h3>Outils cr\u00e9atifs pour la recherche d\u2019emploi<\/h3>\n<\/div><\/div>\n\n<div class=\"et_pb_module et_pb_button_module_wrapper et_pb_button_8_wrapper\"><a class=\"et_pb_button_8 et_pb_button et_pb_bg_layout_light et_pb_module et_block_module\" href=\"\/wp-content\/uploads\/Guidelines-Creative-tools-for-job-seeking.pdf\" target=\"_blank\" data-icon=\"T\">Ouvrir le PDF<\/a><\/div>\n<\/div>\n<\/div>\n\n<div class=\"et_pb_row_7 et_pb_row et_flex_row\">\n<div class=\"et_pb_column_13 et_pb_column et_flex_column et_pb_css_mix_blend_mode_passthrough et_flex_column_24_24 et_flex_column_24_24_tablet et_flex_column_24_24_phone et_flex_column_24_24_phoneWide et_flex_column_24_24_tabletWide et_flex_column_24_24_widescreen et_flex_column_24_24_ultraWide\">\n<div class=\"et_pb_text_12 et_pb_text et_pb_bg_layout_light et_pb_module et_block_module et_pb_text_align_center preset--module--divi-text--69cb9a220bbab\"><div class=\"et_pb_text_inner\"><h3>Outils cr\u00e9atifs pour l\u2019apprentissage exploratoire et valorisant<\/h3>\n<\/div><\/div>\n\n<div class=\"et_pb_module et_pb_button_module_wrapper et_pb_button_9_wrapper\"><a class=\"et_pb_button_9 et_pb_button et_pb_bg_layout_light et_pb_module et_block_module\" href=\"\/wp-content\/uploads\/Additional-material-Creative-tools-for-explorational-and-affirmative-learning.pdf\" target=\"_blank\" data-icon=\"T\">Ouvrir le PDF<\/a><\/div>\n<\/div>\n\n<div class=\"et_pb_column_14 et_pb_column et-last-child et_flex_column et_pb_css_mix_blend_mode_passthrough et_flex_column_24_24 et_flex_column_24_24_tablet et_flex_column_24_24_phone et_flex_column_24_24_phoneWide et_flex_column_24_24_tabletWide et_flex_column_24_24_widescreen et_flex_column_24_24_ultraWide\">\n<div class=\"et_pb_text_13 et_pb_text et_pb_bg_layout_light et_pb_module et_block_module et_pb_text_align_center preset--module--divi-text--69cb9a220bbab\"><div class=\"et_pb_text_inner\"><h3>Compendium de m\u00e9thodes cr\u00e9atives<\/h3>\n<\/div><\/div>\n\n<div class=\"et_pb_module et_pb_button_module_wrapper et_pb_button_10_wrapper\"><a class=\"et_pb_button_10 et_pb_button et_pb_bg_layout_light et_pb_module et_block_module\" href=\"\/wp-content\/uploads\/Additional-material-Compendium-of-Creative-methods.pdf\" target=\"_blank\" data-icon=\"T\">Ouvrir le PDF<\/a><\/div>\n<\/div>\n<\/div>\n<\/div>\n\n<div class=\"et_pb_section_3 et_pb_section et_section_regular et_flex_section\">\n<div class=\"et_pb_row_8 et_pb_row et_flex_row\">\n<div class=\"et_pb_column_15 et_pb_column et_flex_column et_pb_css_mix_blend_mode_passthrough et_flex_column_24_24 et_flex_column_24_24_tablet et_flex_column_24_24_phone et_flex_column_24_24_phoneWide et_flex_column_24_24_tabletWide et_flex_column_24_24_widescreen et_flex_column_24_24_ultraWide\">\n<div class=\"et_pb_text_14 et_pb_text et_pb_bg_layout_light et_pb_module et_block_module preset--module--divi-text--69cb9a220bbab\"><div class=\"et_pb_text_inner\"><h2>Manuel vid\u00e9o<\/h2>\n<p>Financ\u00e9 par l\u2019Union europ\u00e9enne. Toutefois, les points de vue et opinions exprim\u00e9s n\u2019engagent que leur(s) auteur(s) et ne refl\u00e8tent pas n\u00e9cessairement ceux de l\u2019Union europ\u00e9enne ou de l\u2019Agence ex\u00e9cutive europ\u00e9enne pour l\u2019\u00e9ducation et la culture (EACEA). Ni l\u2019Union europ\u00e9enne ni l\u2019EACEA ne peuvent en \u00eatre tenues responsables.  <\/p>\n<p><b>CC BY :<\/b> Cette licence permet \u00e0 des tiers de distribuer, remixer, adapter et exploiter une \u0153uvre, y compris \u00e0 des fins commerciales, \u00e0 condition que l\u2019auteur original soit cr\u00e9dit\u00e9.<br \/>\n<b>CC BY<\/b> comprend les \u00e9l\u00e9ments suivants :<br \/>\n<b>BY<\/b> \u2013 l\u2019auteur doit \u00eatre cr\u00e9dit\u00e9<\/p>\n<\/div><\/div>\n<\/div>\n\n<div class=\"et_pb_column_16 et_pb_column et-last-child et_flex_column et_pb_css_mix_blend_mode_passthrough et_flex_column_24_24 et_flex_column_24_24_tablet et_flex_column_24_24_phone et_flex_column_24_24_phoneWide et_flex_column_24_24_tabletWide et_flex_column_24_24_widescreen et_flex_column_24_24_ultraWide\">\n<div class=\"et_pb_image_0 et_pb_image et_pb_module et_block_module\"><span class=\"et_pb_image_wrap\"><img loading=\"lazy\" decoding=\"async\" src=\"https:\/\/www.hispi.de\/wp-content\/uploads\/20230331-fem-power-video-disclaimer.png\" width=\"339\" height=\"259\" srcset=\"https:\/\/www.hispi.de\/wp-content\/uploads\/20230331-fem-power-video-disclaimer.png 339w, https:\/\/www.hispi.de\/wp-content\/uploads\/20230331-fem-power-video-disclaimer-300x229.png 300w\" sizes=\"(max-width: 339px) 100vw, 339px\" class=\"wp-image-365\" title=\"20230331-fem-power-video-disclaimer\" \/><\/span><\/div>\n<\/div>\n<\/div>\n\n<div class=\"et_pb_row_9 et_pb_row et_flex_row\">\n<div class=\"et_pb_column_17 et_pb_column et_flex_column et_pb_css_mix_blend_mode_passthrough et_flex_column_24_24 et_flex_column_24_24_tablet et_flex_column_24_24_phone et_flex_column_24_24_phoneWide et_flex_column_24_24_tabletWide et_flex_column_24_24_widescreen et_flex_column_24_24_ultraWide\">\n<div class=\"et_pb_video_0 et_pb_video et_pb_module et_block_module\"><div class=\"et_pb_video_box\"><video controls><source type=\"video\/mp4\" src=\"\/wp-content\/uploads\/videos\/Creative_Fempower_Explorational_Workshop_SOA.mp4\" \/><\/video><\/div><\/div>\n\n<div class=\"et_pb_text_15 et_pb_text et_pb_bg_layout_light et_pb_module et_block_module et_pb_text_align_center preset--module--divi-text--69cb9a220bbab\"><div class=\"et_pb_text_inner\"><h3>Explorational Workshop SOA<\/h3>\n<p>(304MB)<\/p>\n<\/div><\/div>\n\n<div class=\"et_pb_module et_pb_button_module_wrapper et_pb_button_11_wrapper\"><a class=\"et_pb_button_11 et_pb_button et_pb_bg_layout_light et_pb_module et_block_module\" href=\"\/wp-content\/uploads\/videos\/Creative_Fempower_Explorational_Workshop_SOA.mp4\" data-icon=\"\ue05f\">T\u00e9l\u00e9chargement de la vid\u00e9o<\/a><\/div>\n<\/div>\n\n<div class=\"et_pb_column_18 et_pb_column et_flex_column et_pb_css_mix_blend_mode_passthrough et_flex_column_24_24 et_flex_column_24_24_tablet et_flex_column_24_24_phone et_flex_column_24_24_phoneWide et_flex_column_24_24_tabletWide et_flex_column_24_24_widescreen et_flex_column_24_24_ultraWide\">\n<div class=\"et_pb_video_1 et_pb_video et_pb_module et_block_module\"><div class=\"et_pb_video_box\"><video controls><source type=\"video\/mp4\" src=\"\/wp-content\/uploads\/videos\/Creative_Fempower-Eurocultura_Italy.mp4\" \/><\/video><\/div><\/div>\n\n<div class=\"et_pb_text_16 et_pb_text et_pb_bg_layout_light et_pb_module et_block_module et_pb_text_align_center preset--module--divi-text--69cb9a220bbab\"><div class=\"et_pb_text_inner\"><h3>Eurocultura Italy<\/h3>\n<p>(68MB)<\/p>\n<\/div><\/div>\n\n<div class=\"et_pb_module et_pb_button_module_wrapper et_pb_button_12_wrapper\"><a class=\"et_pb_button_12 et_pb_button et_pb_bg_layout_light et_pb_module et_block_module\" href=\"\/wp-content\/uploads\/videos\/Creative_Fempower-Eurocultura_Italy.mp4\" data-icon=\"\ue05f\">T\u00e9l\u00e9chargement de la vid\u00e9o<\/a><\/div>\n<\/div>\n\n<div class=\"et_pb_column_19 et_pb_column et-last-child et_flex_column et_pb_css_mix_blend_mode_passthrough et_flex_column_24_24 et_flex_column_24_24_tablet et_flex_column_24_24_phone et_flex_column_24_24_phoneWide et_flex_column_24_24_tabletWide et_flex_column_24_24_widescreen et_flex_column_24_24_ultraWide\">\n<div class=\"et_pb_video_2 et_pb_video et_pb_module et_block_module\"><div class=\"et_pb_video_box\"><video controls><source type=\"video\/mp4\" src=\"\/wp-content\/uploads\/videos\/Creative_Fempower-Job-Seeking-Workshop-SOA.mp4\" \/><\/video><\/div><\/div>\n\n<div class=\"et_pb_text_17 et_pb_text et_pb_bg_layout_light et_pb_module et_block_module et_pb_text_align_center preset--module--divi-text--69cb9a220bbab\"><div class=\"et_pb_text_inner\"><h3>Job Seeking Workshop SOA<\/h3>\n<p>(85MB)<\/p>\n<\/div><\/div>\n\n<div class=\"et_pb_module et_pb_button_module_wrapper et_pb_button_13_wrapper\"><a class=\"et_pb_button_13 et_pb_button et_pb_bg_layout_light et_pb_module et_block_module\" href=\"\/wp-content\/uploads\/videos\/Creative_Fempower-Job-Seeking-Workshop-SOA.mp4\" data-icon=\"\ue05f\">T\u00e9l\u00e9chargement de la vid\u00e9o<\/a><\/div>\n<\/div>\n<\/div>\n\n<div class=\"et_pb_row_10 et_pb_row et_flex_row\">\n<div class=\"et_pb_column_20 et_pb_column et_flex_column et_pb_css_mix_blend_mode_passthrough et_flex_column_24_24 et_flex_column_24_24_tablet et_flex_column_24_24_phone et_flex_column_24_24_phoneWide et_flex_column_24_24_tabletWide et_flex_column_24_24_widescreen et_flex_column_24_24_ultraWide\">\n<div class=\"et_pb_video_3 et_pb_video et_pb_module et_block_module\"><div class=\"et_pb_video_box\"><video controls><source type=\"video\/mp4\" src=\"\/wp-content\/uploads\/videos\/Creative-Fempower_Ex\u00fcplorational-WS_Teatterimuseo.mov\" \/><\/video><\/div><\/div>\n\n<div class=\"et_pb_text_18 et_pb_text et_pb_bg_layout_light et_pb_module et_block_module et_pb_text_align_center preset--module--divi-text--69cb9a220bbab\"><div class=\"et_pb_text_inner\"><h3>Explorational WS Teatterimuseo<\/h3>\n<p>(95MB)<\/p>\n<\/div><\/div>\n\n<div class=\"et_pb_module et_pb_button_module_wrapper et_pb_button_14_wrapper\"><a class=\"et_pb_button_14 et_pb_button et_pb_bg_layout_light et_pb_module et_block_module\" href=\"\/wp-content\/uploads\/videos\/Creative-Fempower_Ex\u00fcplorational-WS_Teatterimuseo.mov\" data-icon=\"\ue05f\">T\u00e9l\u00e9chargement de la vid\u00e9o<\/a><\/div>\n<\/div>\n\n<div class=\"et_pb_column_21 et_pb_column et_flex_column et_pb_css_mix_blend_mode_passthrough et_flex_column_24_24 et_flex_column_24_24_tablet et_flex_column_24_24_phone et_flex_column_24_24_phoneWide et_flex_column_24_24_tabletWide et_flex_column_24_24_widescreen et_flex_column_24_24_ultraWide\">\n<div class=\"et_pb_video_4 et_pb_video et_pb_module et_block_module\"><div class=\"et_pb_video_box\"><video controls><source type=\"video\/mp4\" src=\"\/wp-content\/uploads\/videos\/Creative-Fempower_Job-Seeking-Workshop-SOA.MOV\" \/><\/video><\/div><\/div>\n\n<div class=\"et_pb_text_19 et_pb_text et_pb_bg_layout_light et_pb_module et_block_module et_pb_text_align_center preset--module--divi-text--69cb9a220bbab\"><div class=\"et_pb_text_inner\"><h3>Job Seeking Workshop SOA<\/h3>\n<p>(32MB)<\/p>\n<\/div><\/div>\n\n<div class=\"et_pb_module et_pb_button_module_wrapper et_pb_button_15_wrapper\"><a class=\"et_pb_button_15 et_pb_button et_pb_bg_layout_light et_pb_module et_block_module\" href=\"\/wp-content\/uploads\/videos\/Creative-Fempower_Job-Seeking-Workshop-SOA.MOV\" data-icon=\"\ue05f\">T\u00e9l\u00e9chargement de la vid\u00e9o<\/a><\/div>\n<\/div>\n\n<div class=\"et_pb_column_22 et_pb_column et-last-child et_flex_column et_pb_css_mix_blend_mode_passthrough et_flex_column_24_24 et_flex_column_24_24_tablet et_flex_column_24_24_phone et_flex_column_24_24_phoneWide et_flex_column_24_24_tabletWide et_flex_column_24_24_widescreen et_flex_column_24_24_ultraWide\">\n<div class=\"et_pb_video_5 et_pb_video et_pb_module et_block_module\"><div class=\"et_pb_video_box\"><video controls><source type=\"video\/mp4\" src=\"\/wp-content\/uploads\/videos\/Creative-Fempower_WS_DISORA_Slovenia.mp4\" \/><\/video><\/div><\/div>\n\n<div class=\"et_pb_text_20 et_pb_text et_pb_bg_layout_light et_pb_module et_block_module et_pb_text_align_center preset--module--divi-text--69cb9a220bbab\"><div class=\"et_pb_text_inner\"><h3>WS DISORA Slovenia<\/h3>\n<p>(16MB)<\/p>\n<\/div><\/div>\n\n<div class=\"et_pb_module et_pb_button_module_wrapper et_pb_button_16_wrapper\"><a class=\"et_pb_button_16 et_pb_button et_pb_bg_layout_light et_pb_module et_block_module\" href=\"\/wp-content\/uploads\/videos\/Creative-Fempower_WS_DISORA_Slovenia.mp4\" data-icon=\"\ue05f\">T\u00e9l\u00e9chargement de la vid\u00e9o<\/a><\/div>\n<\/div>\n<\/div>\n\n<div class=\"et_pb_row_11 et_pb_row et_flex_row\">\n<div class=\"et_pb_column_23 et_pb_column et_flex_column et_pb_css_mix_blend_mode_passthrough et_flex_column_24_24 et_flex_column_24_24_tablet et_flex_column_24_24_phone et_flex_column_24_24_phoneWide et_flex_column_24_24_tabletWide et_flex_column_24_24_widescreen et_flex_column_24_24_ultraWide\">\n<div class=\"et_pb_video_6 et_pb_video et_pb_module et_block_module\"><div class=\"et_pb_video_box\"><video controls><source type=\"video\/mp4\" src=\"\/wp-content\/uploads\/videos\/Creative-Fempower-Language-learning_DISORA_Slovenia.mp4\" \/><\/video><\/div><\/div>\n\n<div class=\"et_pb_text_21 et_pb_text et_pb_bg_layout_light et_pb_module et_block_module et_pb_text_align_center preset--module--divi-text--69cb9a220bbab\"><div class=\"et_pb_text_inner\"><h3>Language Learning DISORA Slovenia<\/h3>\n<p>(151MB)<\/p>\n<\/div><\/div>\n\n<div class=\"et_pb_module et_pb_button_module_wrapper et_pb_button_17_wrapper\"><a class=\"et_pb_button_17 et_pb_button et_pb_bg_layout_light et_pb_module et_block_module\" href=\"\/wp-content\/uploads\/videos\/Creative-Fempower-Language-learning_DISORA_Slovenia.mp4\" data-icon=\"\ue05f\">T\u00e9l\u00e9chargement de la vid\u00e9o<\/a><\/div>\n<\/div>\n\n<div class=\"et_pb_column_24 et_pb_column et_flex_column et_pb_css_mix_blend_mode_passthrough et_flex_column_24_24 et_flex_column_24_24_tablet et_flex_column_24_24_phone et_flex_column_24_24_phoneWide et_flex_column_24_24_tabletWide et_flex_column_24_24_widescreen et_flex_column_24_24_ultraWide\">\n<div class=\"et_pb_video_7 et_pb_video et_pb_module et_block_module\"><div class=\"et_pb_video_box\"><video controls><source type=\"video\/mp4\" src=\"\/wp-content\/uploads\/videos\/Impressions-of-Workshops-and-TPMs.MOV\" \/><\/video><\/div><\/div>\n\n<div class=\"et_pb_text_22 et_pb_text et_pb_bg_layout_light et_pb_module et_block_module et_pb_text_align_center preset--module--divi-text--69cb9a220bbab\"><div class=\"et_pb_text_inner\"><h3>Impressions of Workshops and TPMs<\/h3>\n<p>(645MB)<\/p>\n<\/div><\/div>\n\n<div class=\"et_pb_module et_pb_button_module_wrapper et_pb_button_18_wrapper\"><a class=\"et_pb_button_18 et_pb_button et_pb_bg_layout_light et_pb_module et_block_module\" href=\"\/wp-content\/uploads\/videos\/Impressions-of-Workshops-and-TPMs.MOV\" data-icon=\"\ue05f\">T\u00e9l\u00e9chargement de la vid\u00e9o<\/a><\/div>\n<\/div>\n\n<div class=\"et_pb_column_25 et_pb_column et-last-child et_flex_column et_pb_column_empty et_pb_css_mix_blend_mode_passthrough et_flex_column_24_24 et_flex_column_24_24_tablet et_flex_column_24_24_phone et_flex_column_24_24_phoneWide et_flex_column_24_24_tabletWide et_flex_column_24_24_widescreen et_flex_column_24_24_ultraWide\"><\/div>\n<\/div>\n<\/div>","protected":false},"excerpt":{"rendered":"","protected":false},"author":1,"featured_media":697,"parent":696,"menu_order":0,"comment_status":"closed","ping_status":"closed","template":"","meta":{"footnotes":""},"class_list":["post-703","page","type-page","status-publish","has-post-thumbnail","hentry"],"_links":{"self":[{"href":"https:\/\/www.hispi.de\/fr\/wp-json\/wp\/v2\/pages\/703","targetHints":{"allow":["GET"]}}],"collection":[{"href":"https:\/\/www.hispi.de\/fr\/wp-json\/wp\/v2\/pages"}],"about":[{"href":"https:\/\/www.hispi.de\/fr\/wp-json\/wp\/v2\/types\/page"}],"author":[{"embeddable":true,"href":"https:\/\/www.hispi.de\/fr\/wp-json\/wp\/v2\/users\/1"}],"replies":[{"embeddable":true,"href":"https:\/\/www.hispi.de\/fr\/wp-json\/wp\/v2\/comments?post=703"}],"version-history":[{"count":3,"href":"https:\/\/www.hispi.de\/fr\/wp-json\/wp\/v2\/pages\/703\/revisions"}],"predecessor-version":[{"id":706,"href":"https:\/\/www.hispi.de\/fr\/wp-json\/wp\/v2\/pages\/703\/revisions\/706"}],"up":[{"embeddable":true,"href":"https:\/\/www.hispi.de\/fr\/wp-json\/wp\/v2\/pages\/696"}],"wp:featuredmedia":[{"embeddable":true,"href":"https:\/\/www.hispi.de\/fr\/wp-json\/wp\/v2\/media\/697"}],"wp:attachment":[{"href":"https:\/\/www.hispi.de\/fr\/wp-json\/wp\/v2\/media?parent=703"}],"curies":[{"name":"wp","href":"https:\/\/api.w.org\/{rel}","templated":true}]}}