{"id":696,"date":"2026-01-25T11:32:23","date_gmt":"2026-01-25T10:32:23","guid":{"rendered":"https:\/\/hispi.kundenexpose.de\/projets\/"},"modified":"2026-04-13T22:47:42","modified_gmt":"2026-04-13T20:47:42","slug":"projets","status":"publish","type":"page","link":"https:\/\/www.hispi.de\/fr\/projets\/","title":{"rendered":"Projets"},"content":{"rendered":"<div class=\"et_pb_section_0 et_pb_section et_section_regular et_block_section\">\n<div class=\"et_pb_row_0 et_pb_row et_block_row\">\n<div class=\"et_pb_column_0 et_pb_column et_pb_column_4_4 et-last-child et_block_column et_pb_css_mix_blend_mode_passthrough\">\n<div class=\"et_pb_text_0 et_pb_text et_pb_bg_layout_light et_pb_module et_block_module et_pb_text_align_right preset--module--divi-text--69cb9a220bbab\"><div class=\"et_pb_text_inner\"><h1>Projets<\/h1>\n<\/div><\/div>\n<\/div>\n<\/div>\n<\/div>\n\n<div class=\"et_pb_section_1 et_pb_section et_section_regular et_flex_section\">\n<div class=\"et_pb_row_1 et_pb_row et_flex_row\">\n<div class=\"et_pb_column_1 et_pb_column et-last-child et_flex_column et_pb_css_mix_blend_mode_passthrough et_flex_column_24_24 et_flex_column_24_24_tablet et_flex_column_24_24_phone et_flex_column_24_24_phoneWide et_flex_column_24_24_tabletWide et_flex_column_24_24_widescreen et_flex_column_24_24_ultraWide\">\n<div class=\"et_pb_text_1 et_pb_text et_pb_bg_layout_light et_pb_module et_block_module preset--module--divi-text--69cb9a220bbab\"><div class=\"et_pb_text_inner\"><h2>Il se passe beaucoup de choses chez nous<\/h2>\n<p>En plus de nos 10 groupes quotidiens, nous avons d\u00e9velopp\u00e9 au Hispi d\u2019autres projets afin de mieux int\u00e9grer les personnes ayant un parcours migratoire dans notre soci\u00e9t\u00e9 : Hispi LAB, ateliers d\u2019int\u00e9gration, ateliers artistiques en coop\u00e9ration avec le service culturel, groupes de conversation, ainsi que des excursions et activit\u00e9s communes. <\/p>\n<p>Vous trouverez plus d\u2019informations dans les descriptions d\u00e9taill\u00e9es de chaque projet.<\/p>\n<\/div><\/div>\n<\/div>\n<\/div>\n\n<div class=\"et_pb_row_2 et_pb_row et_flex_row\">\n<div class=\"et_pb_column_2 et_pb_column et_flex_column et_pb_css_mix_blend_mode_passthrough et_flex_column_8_24 et_flex_column_8_24_tablet et_flex_column_24_24_phone et_flex_column_24_24_phoneWide et_flex_column_8_24_tabletWide et_flex_column_8_24_widescreen et_flex_column_8_24_ultraWide\">\n<div class=\"et_pb_image_0 et_pb_image et_pb_module et_block_module\"><span class=\"et_pb_image_wrap\"><img loading=\"lazy\" decoding=\"async\" src=\"https:\/\/www.hispi.de\/wp-content\/uploads\/20240717-projekte-hof-logo.png\" width=\"332\" height=\"332\" srcset=\"https:\/\/www.hispi.de\/wp-content\/uploads\/20240717-projekte-hof-logo.png 332w, https:\/\/www.hispi.de\/wp-content\/uploads\/20240717-projekte-hof-logo-300x300.png 300w, https:\/\/www.hispi.de\/wp-content\/uploads\/20240717-projekte-hof-logo-150x150.png 150w\" sizes=\"(max-width: 332px) 100vw, 332px\" class=\"wp-image-161\" title=\"20240717-projekte-hof-logo\" \/><\/span><\/div>\n<\/div>\n\n<div class=\"et_pb_column_3 et_pb_column et-last-child et_flex_column et_pb_css_mix_blend_mode_passthrough et_flex_column_16_24 et_flex_column_16_24_tablet et_flex_column_24_24_phone et_flex_column_24_24_phoneWide et_flex_column_16_24_tabletWide et_flex_column_16_24_widescreen et_flex_column_16_24_ultraWide\">\n<div class=\"et_pb_text_2 et_pb_text et_pb_bg_layout_light et_pb_module et_block_module preset--module--divi-text--69cb9a220bbab\"><div class=\"et_pb_text_inner\"><h3>House of Friends \u2013 powered by LHD<\/h3>\n<p>Avec Hispi, House of Friends, un projet pilote destin\u00e9 aux personnes immigr\u00e9es sera lanc\u00e9 \u00e0 partir de septembre 2024, avec pour objectif d\u2019atteindre un nouveau niveau d\u2019accompagnement et d\u2019int\u00e9gration. En cr\u00e9ant un environnement de vie, de travail et d\u2019apprentissage productif et s\u00e9curis\u00e9, une cohabitation diversifi\u00e9e sera encourag\u00e9e. <\/p>\n<p>Le projet HISPI, House of Friends valorise la diversit\u00e9 et promeut activement l\u2019int\u00e9gration. Il est mis en \u0153uvre en \u00e9troite collaboration entre la ville de D\u00fcsseldorf (LHD) en tant que commanditaire, \u00ab Hispi \u2013 Aide \u00e0 l\u2019int\u00e9gration linguistique \u00bb de la Sophia Akademie gGmbH, ainsi que diff\u00e9rents partenaires de coop\u00e9ration issus des secteurs de la restauration et de l\u2019h\u00f4tellerie. <\/p>\n<\/div><\/div>\n\n<div class=\"et_pb_module et_pb_button_module_wrapper et_pb_button_0_wrapper\"><a class=\"et_pb_button_0 et_pb_button et_pb_bg_layout_light et_pb_module et_block_module\" href=\"https:\/\/www.hispi.de\/fr\/projets\/house-of-friends\/\">Informations &amp; inscription<\/a><\/div>\n<\/div>\n<\/div>\n<\/div>\n\n<div class=\"et_pb_section_2 et_pb_section et_section_regular et_flex_section\">\n<div class=\"et_pb_row_3 et_pb_row et_flex_row\">\n<div class=\"et_pb_column_4 et_pb_column et_flex_column et_pb_css_mix_blend_mode_passthrough et_flex_column_16_24 et_flex_column_16_24_tablet et_flex_column_24_24_phone et_flex_column_24_24_phoneWide et_flex_column_16_24_tabletWide et_flex_column_16_24_widescreen et_flex_column_16_24_ultraWide\">\n<div class=\"et_pb_text_3 et_pb_text et_pb_bg_layout_light et_pb_module et_block_module preset--module--divi-text--69cb9a220bbab\"><div class=\"et_pb_text_inner\"><h3>Hispi for U \u2013 RE:Match<\/h3>\n<p>En coop\u00e9ration avec la ville de D\u00fcsseldorf, nous avons mis en place, dans le cadre du projet RE:Match, un programme de 7 semaines destin\u00e9 \u00e0 15 femmes ukrainiennes, au cours duquel un accompagnement et des informations sur la vie en Allemagne ont \u00e9t\u00e9 propos\u00e9s.<\/p>\n<p>\u00c0 cette fin, diff\u00e9rents ateliers et des cours de langue allemande ont \u00e9t\u00e9 organis\u00e9s. Un autre \u00e9l\u00e9ment important consistait en la participation d\u2019expert(e)s invit\u00e9(e)s, qui ont fourni des informations sur des sujets tels que le centre pour l\u2019emploi, le syst\u00e8me scolaire et social, le syst\u00e8me bancaire et l\u2019assurance maladie. <\/p>\n<\/div><\/div>\n\n<div class=\"et_pb_text_4 et_pb_text et_pb_bg_layout_light et_pb_module et_block_module preset--module--divi-text--69cb9a220bbab\"><div class=\"et_pb_text_inner\"><h3>Hispi for U \u2013 Spendenprojekt<\/h3>\n<p>En coop\u00e9ration avec la ville de D\u00fcsseldorf, le Hispi a coordonn\u00e9 b\u00e9n\u00e9volement la r\u00e9ception des dons pour le centre de distribution municipal \u00ab D\u00fcsselshare \u00bb. Les personnes dans le besoin y ont re\u00e7u des v\u00eatements et d\u2019autres articles, tels que des objets m\u00e9nagers, selon leurs besoins. Avec le soutien actif de citoyennes et citoyens de D\u00fcsseldorf, de migrant(e)s et de r\u00e9fugi\u00e9(e)s de nombreuses nations.  <\/p>\n<\/div><\/div>\n<\/div>\n\n<div class=\"et_pb_column_5 et_pb_column et-last-child et_flex_column et_pb_css_mix_blend_mode_passthrough et_flex_column_8_24 et_flex_column_8_24_tablet et_flex_column_24_24_phone et_flex_column_24_24_phoneWide et_flex_column_8_24_tabletWide et_flex_column_8_24_widescreen et_flex_column_8_24_ultraWide\">\n<div class=\"et_pb_image_1 et_pb_image et_pb_module et_block_module\"><span class=\"et_pb_image_wrap\"><img loading=\"lazy\" decoding=\"async\" src=\"https:\/\/www.hispi.de\/wp-content\/uploads\/HispiForU_logo_gradient-01.png\" width=\"955\" height=\"572\" srcset=\"https:\/\/www.hispi.de\/wp-content\/uploads\/HispiForU_logo_gradient-01.png 955w, https:\/\/www.hispi.de\/wp-content\/uploads\/HispiForU_logo_gradient-01-480x287.png 480w\" sizes=\"(min-width: 0px) and (max-width: 480px) 480px, (min-width: 481px) 955px, 100vw\" class=\"wp-image-162\" title=\"HispiForU_logo_gradient-01\" \/><\/span><\/div>\n<\/div>\n<\/div>\n<\/div>\n\n<div class=\"et_pb_section_3 et_pb_section et_section_regular et_flex_section\">\n<div class=\"et_pb_row_4 et_pb_row et_flex_row\">\n<div class=\"et_pb_column_6 et_pb_column et_flex_column et_pb_css_mix_blend_mode_passthrough et_flex_column_8_24 et_flex_column_8_24_tablet et_flex_column_24_24_phone et_flex_column_24_24_phoneWide et_flex_column_8_24_tabletWide et_flex_column_8_24_widescreen et_flex_column_8_24_ultraWide\">\n<div class=\"et_pb_image_2 et_pb_image et_pb_module et_block_module\"><span class=\"et_pb_image_wrap\"><img loading=\"lazy\" decoding=\"async\" src=\"https:\/\/www.hispi.de\/wp-content\/uploads\/creative-FEM-power.jpg\" width=\"1024\" height=\"889\" srcset=\"https:\/\/www.hispi.de\/wp-content\/uploads\/creative-FEM-power.jpg 1024w, https:\/\/www.hispi.de\/wp-content\/uploads\/creative-FEM-power-980x851.jpg 980w, https:\/\/www.hispi.de\/wp-content\/uploads\/creative-FEM-power-480x417.jpg 480w\" sizes=\"(min-width: 0px) and (max-width: 480px) 480px, (min-width: 481px) and (max-width: 980px) 980px, (min-width: 981px) 1024px, 100vw\" class=\"wp-image-163\" title=\"creative-FEM-power\" \/><\/span><\/div>\n<\/div>\n\n<div class=\"et_pb_column_7 et_pb_column et-last-child et_flex_column et_pb_css_mix_blend_mode_passthrough et_flex_column_16_24 et_flex_column_16_24_tablet et_flex_column_24_24_phone et_flex_column_24_24_phoneWide et_flex_column_16_24_tabletWide et_flex_column_16_24_widescreen et_flex_column_16_24_ultraWide\">\n<div class=\"et_pb_text_5 et_pb_text et_pb_bg_layout_light et_pb_module et_block_module preset--module--divi-text--69cb9a220bbab\"><div class=\"et_pb_text_inner\"><h3>Projet Erasmus+ dans l\u2019\u00e9ducation des adultes \u00ab Creative FEM-Power \u00bb<\/h3>\n<p>Dans le cadre du projet \u00ab Creative FEM Power \u00bb, quatre modules d\u2019ateliers ont \u00e9t\u00e9 d\u00e9velopp\u00e9s, utilisant des m\u00e9thodes cr\u00e9atives pour offrir aux migrant(e)s de nouvelles exp\u00e9riences dans leurs possibilit\u00e9s de d\u00e9veloppement individuel en mati\u00e8re de m\u00e9diation linguistique et d\u2019acc\u00e8s \u00e0 l\u2019emploi. Ce projet de 24 mois, financ\u00e9 par Erasmus+, r\u00e9unit Eurocultura (Vicence, Italie), DISORA (Maribor, Slov\u00e9nie), Teatterimuseo (Helsinki, Finlande) et est coordonn\u00e9 par la Sophia::Akademie gGmbH, d\u00e9partement Hispi, D\u00fcsseldorf, Allemagne. <\/p>\n<p><b>Avec la participation de femmes migrantes, les partenaires du projet ont d\u00e9velopp\u00e9 :<\/b><br \/>\n\u2026 un guide pour la mise en \u0153uvre de la m\u00e9diation linguistique cr\u00e9ative. Celui-ci permet de renforcer les comp\u00e9tences linguistiques, stimule l\u2019int\u00e9r\u00eat pour la nouvelle langue gr\u00e2ce \u00e0 des r\u00e9ussites personnelles pendant le cours et favorise la poursuite de l\u2019apprentissage autodidacte.<br \/>\n\u2026 un guide pour un atelier consacr\u00e9 \u00e0 l\u2019identification et au d\u00e9veloppement du potentiel professionnel \u00e0 l\u2019aide de m\u00e9thodes cr\u00e9atives.<br \/>\n\u2026 un compendium \u2014 une collection de m\u00e9thodes cr\u00e9atives utilisables.<br \/>\n\u2026 un manuel qui d\u00e9crit les ateliers et pr\u00e9sente un programme de formation pour le travail avec les femmes migrantes.<\/p>\n<\/div><\/div>\n\n<div class=\"et_pb_module et_pb_button_module_wrapper et_pb_button_1_wrapper\"><a class=\"et_pb_button_1 et_pb_button et_pb_bg_layout_light et_pb_module et_block_module\" href=\"https:\/\/www.hispi.de\/fr\/projets\/fem-power-materiel\/\">Manuel &amp; mat\u00e9riel<\/a><\/div>\n<\/div>\n<\/div>\n<\/div>\n\n<div class=\"et_pb_section_4 et_pb_section et_section_regular et_flex_section\">\n<div class=\"et_pb_row_5 et_pb_row et_flex_row\">\n<div class=\"et_pb_column_8 et_pb_column et_flex_column et_pb_css_mix_blend_mode_passthrough et_flex_column_16_24 et_flex_column_16_24_tablet et_flex_column_24_24_phone et_flex_column_24_24_phoneWide et_flex_column_16_24_tabletWide et_flex_column_16_24_widescreen et_flex_column_16_24_ultraWide\">\n<div class=\"et_pb_text_6 et_pb_text et_pb_bg_layout_light et_pb_module et_block_module preset--module--divi-text--69cb9a220bbab\"><div class=\"et_pb_text_inner\"><h3>D\u00fcsseldorfer Wollengel e.V.<\/h3>\n<p>Chaque vendredi de 11h \u00e0 14h, les D\u00fcsseldorfer Wollengel proposent un espace pour tricoter ensemble et \u00e9changer. Parler, \u00e9couter et \u00eatre cr\u00e9atif, telle est la devise ici. <\/p>\n<p>Toutes les personnes int\u00e9ress\u00e9es sont chaleureusement invit\u00e9es \u00e0 passer.<\/p>\n<p>&nbsp;<\/p>\n<\/div><\/div>\n<\/div>\n\n<div class=\"et_pb_column_9 et_pb_column et-last-child et_flex_column et_pb_css_mix_blend_mode_passthrough et_flex_column_8_24 et_flex_column_8_24_tablet et_flex_column_24_24_phone et_flex_column_24_24_phoneWide et_flex_column_8_24_tabletWide et_flex_column_8_24_widescreen et_flex_column_8_24_ultraWide\">\n<div class=\"et_pb_image_3 et_pb_image et_pb_module et_block_module\"><span class=\"et_pb_image_wrap\"><img loading=\"lazy\" decoding=\"async\" src=\"https:\/\/www.hispi.de\/wp-content\/uploads\/Wollengel.png\" width=\"1024\" height=\"664\" srcset=\"https:\/\/www.hispi.de\/wp-content\/uploads\/Wollengel.png 1024w, https:\/\/www.hispi.de\/wp-content\/uploads\/Wollengel-980x635.png 980w, https:\/\/www.hispi.de\/wp-content\/uploads\/Wollengel-480x311.png 480w\" sizes=\"(min-width: 0px) and (max-width: 480px) 480px, (min-width: 481px) and (max-width: 980px) 980px, (min-width: 981px) 1024px, 100vw\" class=\"wp-image-499\" title=\"Wollengel\" \/><\/span><\/div>\n<\/div>\n<\/div>\n<\/div>\n\n<div class=\"et_pb_section_5 et_pb_section et_section_regular et_flex_section\">\n<div class=\"et_pb_row_6 et_pb_row et_flex_row\">\n<div class=\"et_pb_column_10 et_pb_column et_flex_column et_pb_css_mix_blend_mode_passthrough et_flex_column_8_24 et_flex_column_8_24_tablet et_flex_column_24_24_phone et_flex_column_24_24_phoneWide et_flex_column_8_24_tabletWide et_flex_column_8_24_widescreen et_flex_column_8_24_ultraWide\">\n<div class=\"et_pb_divider_0 et_pb_divider_hidden et_pb_space et_pb_divider_position_top et_pb_module\"><div class=\"et_pb_divider_internal\"><\/div><\/div>\n<\/div>\n\n<div class=\"et_pb_column_11 et_pb_column et-last-child et_flex_column et_pb_css_mix_blend_mode_passthrough et_flex_column_16_24 et_flex_column_16_24_tablet et_flex_column_24_24_phone et_flex_column_24_24_phoneWide et_flex_column_16_24_tabletWide et_flex_column_16_24_widescreen et_flex_column_16_24_ultraWide\">\n<div class=\"et_pb_text_7 et_pb_text et_pb_bg_layout_light et_pb_module et_block_module preset--module--divi-text--69cb9a220bbab\"><div class=\"et_pb_text_inner\"><h3>Atelier d\u2019int\u00e9gration<\/h3>\n<p>Au Hispi, un atelier d\u2019int\u00e9gration a \u00e9t\u00e9 con\u00e7u en octobre 2015 afin de transmettre aux migrant(e)s nouvellement arriv\u00e9(e)s davantage d\u2019informations sur notre Constitution et notre mode de vie. Un \u00e9change dynamique a lieu autour des diff\u00e9rences et des similitudes entre les syst\u00e8mes juridiques et les modes de vie dans les pays d\u2019origine et en Allemagne. <\/p>\n<p>L\u2019atelier est continuellement d\u00e9velopp\u00e9 afin de r\u00e9pondre pr\u00e9cis\u00e9ment aux besoins actuels et a lieu toutes les six \u00e0 huit semaines.<\/p>\n<\/div><\/div>\n<\/div>\n<\/div>\n<\/div>\n\n<div class=\"et_pb_section_6 et_pb_section et_section_regular et_flex_section\">\n<div class=\"et_pb_row_7 et_pb_row et_flex_row\">\n<div class=\"et_pb_column_12 et_pb_column et_flex_column et_pb_css_mix_blend_mode_passthrough et_flex_column_16_24 et_flex_column_16_24_tablet et_flex_column_24_24_phone et_flex_column_24_24_phoneWide et_flex_column_16_24_tabletWide et_flex_column_16_24_widescreen et_flex_column_16_24_ultraWide\">\n<div class=\"et_pb_text_8 et_pb_text et_pb_bg_layout_light et_pb_module et_block_module preset--module--divi-text--69cb9a220bbab\"><div class=\"et_pb_text_inner\"><h3>Ateliers artistiques en coop\u00e9ration avec le service culturel<\/h3>\n<p>Encadr\u00e9s et accompagn\u00e9s par une artiste professionnelle, les participant(e)s s\u2019initient \u00e0 l\u2019utilisation de peintures \u00e0 l\u2019huile ou d\u2019autres mat\u00e9riaux et en apprennent davantage sur l\u2019histoire de l\u2019art europ\u00e9en.<\/p>\n<\/div><\/div>\n<\/div>\n\n<div class=\"et_pb_column_13 et_pb_column et-last-child et_flex_column et_pb_css_mix_blend_mode_passthrough et_flex_column_8_24 et_flex_column_8_24_tablet et_flex_column_24_24_phone et_flex_column_24_24_phoneWide et_flex_column_8_24_tabletWide et_flex_column_8_24_widescreen et_flex_column_8_24_ultraWide\">\n<div class=\"et_pb_divider_1 et_pb_divider_hidden et_pb_space et_pb_divider_position_top et_pb_module\"><div class=\"et_pb_divider_internal\"><\/div><\/div>\n<\/div>\n<\/div>\n<\/div>\n\n<div class=\"et_pb_section_7 et_pb_section et_section_regular et_flex_section\">\n<div class=\"et_pb_row_8 et_pb_row et_flex_row\">\n<div class=\"et_pb_column_14 et_pb_column et_flex_column et_pb_column_empty et_pb_css_mix_blend_mode_passthrough et_flex_column_8_24 et_flex_column_8_24_tablet et_flex_column_24_24_phone et_flex_column_24_24_phoneWide et_flex_column_8_24_tabletWide et_flex_column_8_24_widescreen et_flex_column_8_24_ultraWide\"><\/div>\n\n<div class=\"et_pb_column_15 et_pb_column et-last-child et_flex_column et_pb_css_mix_blend_mode_passthrough et_flex_column_16_24 et_flex_column_16_24_tablet et_flex_column_24_24_phone et_flex_column_24_24_phoneWide et_flex_column_16_24_tabletWide et_flex_column_16_24_widescreen et_flex_column_16_24_ultraWide\">\n<div class=\"et_pb_text_9 et_pb_text et_pb_bg_layout_light et_pb_module et_block_module preset--module--divi-text--69cb9a220bbab\"><div class=\"et_pb_text_inner\"><h3>Projet photographique en coop\u00e9ration avec le projet AJA<\/h3>\n<p>Le projet AjA offre aux jeunes et aux communaut\u00e9s historiquement sous-repr\u00e9sent\u00e9(e)s une plateforme leur permettant d\u2019exploiter la puissance de l\u2019expression cr\u00e9ative. Gr\u00e2ce \u00e0 un processus de photographie participative, les participant(e)s sont encourag\u00e9(e)s \u00e0 r\u00e9fl\u00e9chir \u00e0 leurs environnements personnels et sociaux et \u00e0 les analyser de mani\u00e8re critique. Aux c\u00f4t\u00e9s de Shinpei Takeda, les participant(e)s explorent la photographie. Les \u0153uvres sont actuellement expos\u00e9es au Hispi sous forme de banni\u00e8res.   <\/p>\n<\/div><\/div>\n<\/div>\n<\/div>\n<\/div>\n\n<div class=\"et_pb_section_8 et_pb_section et_section_regular et_flex_section\">\n<div class=\"et_pb_row_9 et_pb_row et_flex_row\">\n<div class=\"et_pb_column_16 et_pb_column et_flex_column et_pb_css_mix_blend_mode_passthrough et_flex_column_16_24 et_flex_column_16_24_tablet et_flex_column_24_24_phone et_flex_column_24_24_phoneWide et_flex_column_16_24_tabletWide et_flex_column_16_24_widescreen et_flex_column_16_24_ultraWide\">\n<div class=\"et_pb_text_10 et_pb_text et_pb_bg_layout_light et_pb_module et_block_module preset--module--divi-text--69cb9a220bbab\"><div class=\"et_pb_text_inner\"><h3>Hispi goes b\u00e9n\u00e9volat<\/h3>\n<p>Le projet \u00ab Hispi goes b\u00e9n\u00e9volat \u00bb accompagne nos participant(e)s avanc\u00e9(e)s vers un engagement b\u00e9n\u00e9vole. Ils peuvent y mettre en pratique leurs comp\u00e9tences linguistiques nouvellement acquises tout en faisant le bien autour d\u2019eux. En fonction de leurs int\u00e9r\u00eats personnels, nous aidons les futur(e)s b\u00e9n\u00e9voles \u00e0 trouver une activit\u00e9 adapt\u00e9e et les accompagnons dans leur candidature. Les rencontres et les \u00e9changes mutuels permettent aux deux parties de surmonter les \u00e9ventuelles appr\u00e9hensions et pr\u00e9jug\u00e9s, de d\u00e9couvrir des points communs et de mieux comprendre les diff\u00e9rences.   <\/p>\n<p>\u00ab Hispi goes b\u00e9n\u00e9volat \u00bb est soutenu par la Deutsche Postcode Lotterie.<\/p>\n<\/div><\/div>\n<\/div>\n\n<div class=\"et_pb_column_17 et_pb_column et-last-child et_flex_column et_pb_css_mix_blend_mode_passthrough et_flex_column_8_24 et_flex_column_8_24_tablet et_flex_column_24_24_phone et_flex_column_24_24_phoneWide et_flex_column_8_24_tabletWide et_flex_column_8_24_widescreen et_flex_column_8_24_ultraWide\">\n<div class=\"et_pb_image_4 et_pb_image et_pb_module et_block_module\"><span class=\"et_pb_image_wrap\"><img loading=\"lazy\" decoding=\"async\" src=\"https:\/\/www.hispi.de\/wp-content\/uploads\/20190730-hispi-goes-ehrenamt.png\" width=\"586\" height=\"220\" srcset=\"https:\/\/www.hispi.de\/wp-content\/uploads\/20190730-hispi-goes-ehrenamt.png 586w, https:\/\/www.hispi.de\/wp-content\/uploads\/20190730-hispi-goes-ehrenamt-480x180.png 480w\" sizes=\"(min-width: 0px) and (max-width: 480px) 480px, (min-width: 481px) 586px, 100vw\" class=\"wp-image-165\" title=\"20190730-hispi-goes-ehrenamt\" \/><\/span><\/div>\n<\/div>\n<\/div>\n<\/div>","protected":false},"excerpt":{"rendered":"","protected":false},"author":1,"featured_media":697,"parent":0,"menu_order":0,"comment_status":"closed","ping_status":"closed","template":"","meta":{"footnotes":""},"class_list":["post-696","page","type-page","status-publish","has-post-thumbnail","hentry"],"_links":{"self":[{"href":"https:\/\/www.hispi.de\/fr\/wp-json\/wp\/v2\/pages\/696","targetHints":{"allow":["GET"]}}],"collection":[{"href":"https:\/\/www.hispi.de\/fr\/wp-json\/wp\/v2\/pages"}],"about":[{"href":"https:\/\/www.hispi.de\/fr\/wp-json\/wp\/v2\/types\/page"}],"author":[{"embeddable":true,"href":"https:\/\/www.hispi.de\/fr\/wp-json\/wp\/v2\/users\/1"}],"replies":[{"embeddable":true,"href":"https:\/\/www.hispi.de\/fr\/wp-json\/wp\/v2\/comments?post=696"}],"version-history":[{"count":4,"href":"https:\/\/www.hispi.de\/fr\/wp-json\/wp\/v2\/pages\/696\/revisions"}],"predecessor-version":[{"id":798,"href":"https:\/\/www.hispi.de\/fr\/wp-json\/wp\/v2\/pages\/696\/revisions\/798"}],"wp:featuredmedia":[{"embeddable":true,"href":"https:\/\/www.hispi.de\/fr\/wp-json\/wp\/v2\/media\/697"}],"wp:attachment":[{"href":"https:\/\/www.hispi.de\/fr\/wp-json\/wp\/v2\/media?parent=696"}],"curies":[{"name":"wp","href":"https:\/\/api.w.org\/{rel}","templated":true}]}}