{"id":691,"date":"2026-01-25T11:33:15","date_gmt":"2026-01-25T10:33:15","guid":{"rendered":"https:\/\/hispi.kundenexpose.de\/dons\/"},"modified":"2026-04-13T20:36:31","modified_gmt":"2026-04-13T18:36:31","slug":"dons","status":"publish","type":"page","link":"https:\/\/www.hispi.de\/fr\/dons\/","title":{"rendered":"Dons"},"content":{"rendered":"<div class=\"et_pb_section_0 et_pb_section et_section_regular et_block_section\">\n<div class=\"et_pb_row_0 et_pb_row et_block_row\">\n<div class=\"et_pb_column_0 et_pb_column et_pb_column_4_4 et-last-child et_block_column et_pb_css_mix_blend_mode_passthrough\">\n<div class=\"et_pb_text_0 et_pb_text et_pb_bg_layout_light et_pb_module et_block_module et_pb_text_align_right preset--module--divi-text--69cb9a220bbab\"><div class=\"et_pb_text_inner\"><h1>Dons<\/h1>\n<\/div><\/div>\n<\/div>\n<\/div>\n<\/div>\n\n<div class=\"et_pb_section_1 et_pb_section et_section_regular et_flex_section\">\n<div class=\"et_pb_row_1 et_pb_row et_flex_row\">\n<div class=\"et_pb_column_1 et_pb_column et-last-child et_flex_column et_pb_css_mix_blend_mode_passthrough et_flex_column_24_24 et_flex_column_24_24_tablet et_flex_column_24_24_phone et_flex_column_24_24_phoneWide et_flex_column_24_24_tabletWide et_flex_column_24_24_widescreen et_flex_column_24_24_ultraWide\">\n<div class=\"et_pb_text_1 et_pb_text et_pb_bg_layout_light et_pb_module et_block_module preset--module--divi-text--69cb9a220bbab\"><div class=\"et_pb_text_inner\"><h2>Ch\u00e8re donatrice, cher donateur,<\/h2>\n<\/div><\/div>\n<\/div>\n<\/div>\n\n<div class=\"et_pb_row_2 et_pb_row et_flex_row\">\n<div class=\"et_pb_column_2 et_pb_column et_flex_column et_pb_css_mix_blend_mode_passthrough et_flex_column_12_24 et_flex_column_12_24_tablet et_flex_column_24_24_phone et_flex_column_24_24_phoneWide et_flex_column_12_24_tabletWide et_flex_column_12_24_widescreen et_flex_column_12_24_ultraWide\">\n<div class=\"et_pb_text_2 et_pb_text et_pb_bg_layout_light et_pb_module et_block_module preset--module--divi-text--69cb9a220bbab\"><div class=\"et_pb_text_inner\"><p>Nous vous remercions sinc\u00e8rement de votre volont\u00e9 de soutenir notre Hispi. Vous pouvez \u00eatre assur\u00e9(e) que votre argent sera utilis\u00e9 l\u00e0 o\u00f9 il est n\u00e9cessaire. Gr\u00e2ce \u00e0 votre soutien financier, vous rendez possible notre engagement quotidien.<\/p>\n<p>\u00c0 l\u2019aide du formulaire ci-contre, vous pouvez apporter une contribution pr\u00e9cieuse \u00e0 notre travail quotidien via PayPal (\u00e9galement par carte de cr\u00e9dit).<\/p>\n<\/div><\/div>\n\n<div class=\"et_pb_text_3 et_pb_text et_pb_bg_layout_light et_pb_module et_block_module preset--module--divi-text--69cb9a220bbab\"><div class=\"et_pb_text_inner\"><h3>Dons par virement bancaire<\/h3>\n<hr style=\"border-color: rgba(255,255,255,0.2); margin: -5px 0 15px;\">\n<b>Hispi<br \/>\nIBAN DE98430609674027498903<br \/>\nBIC GENODEM1GLS<\/b><\/p>\n<hr style=\"border-color: rgba(255,255,255,0.2); margin: -5px 0 15px;\">\n<b>Nous appr\u00e9cions grandement toute forme de soutien et vous remercions de tout c\u0153ur pour votre aide !<\/b><\/p>\n<\/div><\/div>\n\n<div class=\"et_pb_image_0 et_pb_image et_pb_module et_block_module\"><span class=\"et_pb_image_wrap\"><img loading=\"lazy\" decoding=\"async\" src=\"https:\/\/www.hispi.de\/wp-content\/uploads\/20180306-spenden-bankdaten.jpg\" width=\"640\" height=\"450\" srcset=\"https:\/\/www.hispi.de\/wp-content\/uploads\/20180306-spenden-bankdaten.jpg 640w, https:\/\/www.hispi.de\/wp-content\/uploads\/20180306-spenden-bankdaten-480x338.jpg 480w\" sizes=\"(min-width: 0px) and (max-width: 480px) 480px, (min-width: 481px) 640px, 100vw\" class=\"wp-image-133\" title=\"20180306-spenden-bankdaten\" \/><\/span><\/div>\n<\/div>\n\n<div class=\"et_pb_column_3 et_pb_column et-last-child et_flex_column et_pb_css_mix_blend_mode_passthrough et_flex_column_12_24 et_flex_column_12_24_tablet et_flex_column_24_24_phone et_flex_column_24_24_phoneWide et_flex_column_12_24_tabletWide et_flex_column_12_24_widescreen et_flex_column_12_24_ultraWide\">\n<div class=\"et_pb_text_4 et_pb_text et_pb_bg_layout_light et_pb_module et_flex_module preset--module--divi-text--default\"><div class=\"et_pb_text_inner\" data-et-mv-hidden-phonewide=\"true\" data-et-mv-hidden-phone=\"true\"><p>Votre contenu se trouve ici. Modifiez ou supprimez ce texte directement ou dans les param\u00e8tres de contenu du module. Vous pouvez \u00e9galement personnaliser chaque aspect de ce contenu dans les param\u00e8tres de conception du module et m\u00eame appliquer du CSS personnalis\u00e9 \u00e0 ce texte dans les param\u00e8tres avanc\u00e9s du module.<\/p>\n<\/div><\/div>\n\n<div class=\"et_pb_text_5 et_pb_text et_pb_bg_layout_light et_pb_module et_block_module preset--module--divi-text--69cb9a220bbab\"><div class=\"et_pb_text_inner\"><div id=\"donationform-default\">\n<script src=\"https:\/\/www.helpmundo.de\/helptools\/donations\/14462\/0\/init.js?type=dom&amp;newLocal=de\" type=\"text\/javascript\"><\/script><\/div>\n<\/div><\/div>\n<\/div>\n<\/div>\n<\/div>","protected":false},"excerpt":{"rendered":"","protected":false},"author":1,"featured_media":671,"parent":0,"menu_order":0,"comment_status":"closed","ping_status":"closed","template":"","meta":{"footnotes":""},"class_list":["post-691","page","type-page","status-publish","has-post-thumbnail","hentry"],"_links":{"self":[{"href":"https:\/\/www.hispi.de\/fr\/wp-json\/wp\/v2\/pages\/691","targetHints":{"allow":["GET"]}}],"collection":[{"href":"https:\/\/www.hispi.de\/fr\/wp-json\/wp\/v2\/pages"}],"about":[{"href":"https:\/\/www.hispi.de\/fr\/wp-json\/wp\/v2\/types\/page"}],"author":[{"embeddable":true,"href":"https:\/\/www.hispi.de\/fr\/wp-json\/wp\/v2\/users\/1"}],"replies":[{"embeddable":true,"href":"https:\/\/www.hispi.de\/fr\/wp-json\/wp\/v2\/comments?post=691"}],"version-history":[{"count":1,"href":"https:\/\/www.hispi.de\/fr\/wp-json\/wp\/v2\/pages\/691\/revisions"}],"predecessor-version":[{"id":692,"href":"https:\/\/www.hispi.de\/fr\/wp-json\/wp\/v2\/pages\/691\/revisions\/692"}],"wp:featuredmedia":[{"embeddable":true,"href":"https:\/\/www.hispi.de\/fr\/wp-json\/wp\/v2\/media\/671"}],"wp:attachment":[{"href":"https:\/\/www.hispi.de\/fr\/wp-json\/wp\/v2\/media?parent=691"}],"curies":[{"name":"wp","href":"https:\/\/api.w.org\/{rel}","templated":true}]}}