{"id":676,"date":"2026-01-25T11:32:15","date_gmt":"2026-01-25T10:32:15","guid":{"rendered":"https:\/\/hispi.kundenexpose.de\/participez\/"},"modified":"2026-04-17T12:34:46","modified_gmt":"2026-04-17T10:34:46","slug":"participez","status":"publish","type":"page","link":"https:\/\/www.hispi.de\/fr\/participez\/","title":{"rendered":"Participez !"},"content":{"rendered":"<div class=\"et_pb_section_0 et_pb_section et_section_regular et_block_section\"><div class=\"et_pb_row_0 et_pb_row et_block_row\"><div class=\"et_pb_column_0 et_pb_column et_pb_column_4_4 et-last-child et_block_column et_pb_css_mix_blend_mode_passthrough\"><div class=\"et_pb_text_0 et_pb_text et_pb_bg_layout_light et_pb_module et_block_module et_pb_text_align_right preset--module--divi-text--69cb9a220bbab\"><div class=\"et_pb_text_inner\"><h1>Participez !<\/h1>\n<\/div><\/div><\/div><\/div><\/div>\n\n<div class=\"et_pb_section_1 et_pb_section et_section_regular et_flex_section\">\n<div class=\"et_pb_row_1 et_pb_row et_flex_row\">\n<div class=\"et_pb_column_1 et_pb_column et-last-child et_flex_column et_pb_css_mix_blend_mode_passthrough et_flex_column_24_24 et_flex_column_24_24_tablet et_flex_column_24_24_phone et_flex_column_24_24_phoneWide et_flex_column_24_24_tabletWide et_flex_column_24_24_widescreen et_flex_column_24_24_ultraWide\">\n<div class=\"et_pb_text_1 et_pb_text et_pb_bg_layout_light et_pb_module et_block_module et_pb_text_align_center preset--module--divi-text--69cb9a220bbab\"><div class=\"et_pb_text_inner\"><h2>D\u00e9couvrez notre travail et aidez-nous \u00e0 aider !<\/h2>\n<\/div><\/div>\n\n<div class=\"et_pb_divider_0 et_pb_divider et_pb_space et_pb_divider_position_top et_pb_module\"><div class=\"et_pb_divider_internal\"><\/div><\/div>\n<\/div>\n<\/div>\n\n<div class=\"et_pb_row_2 et_pb_row et_flex_row\">\n<div class=\"et_pb_column_2 et_pb_column et_flex_column et_pb_css_mix_blend_mode_passthrough et_flex_column_8_24 et_flex_column_24_24_phone et_flex_column_24_24_phoneWide et_flex_column_8_24_tabletWide et_flex_column_8_24_widescreen et_flex_column_8_24_ultraWide\">\n<div class=\"et_pb_image_0 et_pb_image et_pb_module et_block_module\"><span class=\"et_pb_image_wrap\"><img loading=\"lazy\" decoding=\"async\" src=\"https:\/\/www.hispi.de\/wp-content\/uploads\/20171124-hispi-das-lernhaus-werde-mitstreiter.png\" width=\"300\" height=\"218\" srcset=\"https:\/\/www.hispi.de\/wp-content\/uploads\/20171124-hispi-das-lernhaus-werde-mitstreiter.png 300w\" sizes=\"(max-width: 300px) 100vw, 300px\" class=\"wp-image-141\" title=\"20171124-hispi-das-lernhaus-werde-mitstreiter\" \/><\/span><\/div>\n<\/div>\n\n<div class=\"et_pb_column_3 et_pb_column et-last-child et_flex_column et_pb_css_mix_blend_mode_passthrough et_flex_column_16_24 et_flex_column_24_24_phone et_flex_column_24_24_phoneWide et_flex_column_16_24_tabletWide et_flex_column_16_24_widescreen et_flex_column_16_24_ultraWide\">\n<div class=\"et_pb_text_2 et_pb_text et_pb_bg_layout_light et_pb_module et_block_module preset--module--divi-text--69cb9a220bbab\"><div class=\"et_pb_text_inner\"><h3>Vous cherchez un moyen de vous engager b\u00e9n\u00e9volement ?<\/h3>\n<p>Vous souhaitez faire du b\u00e9n\u00e9volat, mais vous voulez que votre engagement soit le plus flexible possible ? Vous \u00eates ouvert aux personnes de cultures diff\u00e9rentes ? Et vous aimez transmettre des contenus et des sujets d'apprentissage ? Alors vous \u00eates au bon endroit \u00e0 Hispi ! Nous sommes impatients d'avoir de vos nouvelles !<\/p>\n<\/div><\/div>\n\n<div class=\"et_pb_module et_pb_button_module_wrapper et_pb_button_0_wrapper\"><a class=\"et_pb_button_0 et_pb_button et_pb_bg_layout_light et_pb_module et_block_module\" href=\"mailto:info@hispi.de?subject=Interesse%20Mitstreiter\">Demande de renseignements Collaborateurs:in<\/a><\/div>\n<\/div>\n<\/div>\n\n<div class=\"et_pb_row_3 et_pb_row et_flex_row\">\n<div class=\"et_pb_column_4 et_pb_column et_flex_column et_pb_css_mix_blend_mode_passthrough et_flex_column_8_24 et_flex_column_24_24_phone et_flex_column_24_24_phoneWide et_flex_column_8_24_tabletWide et_flex_column_8_24_widescreen et_flex_column_8_24_ultraWide\">\n<div class=\"et_pb_image_1 et_pb_image et_pb_module et_block_module\"><span class=\"et_pb_image_wrap\"><img loading=\"lazy\" decoding=\"async\" src=\"https:\/\/www.hispi.de\/wp-content\/uploads\/20171124-hispi-das-lernhaus-praktikum-gesucht.png\" width=\"300\" height=\"218\" srcset=\"https:\/\/www.hispi.de\/wp-content\/uploads\/20171124-hispi-das-lernhaus-praktikum-gesucht.png 300w\" sizes=\"(max-width: 300px) 100vw, 300px\" class=\"wp-image-143\" title=\"20171124-hispi-das-lernhaus-praktikum-gesucht\" \/><\/span><\/div>\n<\/div>\n\n<div class=\"et_pb_column_5 et_pb_column et-last-child et_flex_column et_pb_css_mix_blend_mode_passthrough et_flex_column_16_24 et_flex_column_24_24_phone et_flex_column_24_24_phoneWide et_flex_column_16_24_tabletWide et_flex_column_16_24_widescreen et_flex_column_16_24_ultraWide\">\n<div class=\"et_pb_text_3 et_pb_text et_pb_bg_layout_light et_pb_module et_block_module preset--module--divi-text--69cb9a220bbab\"><div class=\"et_pb_text_inner\"><h3>Vous \u00eates \u00e0 la recherche d\u2019un stage dans le domaine social ?<\/h3>\n<p>Si vous \u00eates \u00e0 la recherche d'un stage dans le domaine social - contactez-nous \u00e0 tout moment ! En effet, Hispi vous permet d'avoir un aper\u00e7u passionnant du travail vari\u00e9 d'une organisation \u00e0 but non lucratif. Nous vous aidons \u00e0 vous faire une premi\u00e8re id\u00e9e de nos domaines d'activit\u00e9 - et vous nous soutenez en retour par votre engagement.<\/p>\n<\/div><\/div>\n\n<div class=\"et_pb_module et_pb_button_module_wrapper et_pb_button_1_wrapper\"><a class=\"et_pb_button_1 et_pb_button et_pb_bg_layout_light et_pb_module et_block_module\" href=\"mailto:info@hispi.de?subject=Interesse%20Praktikum\">Demande de stage<\/a><\/div>\n<\/div>\n<\/div>\n\n<div class=\"et_pb_row_4 et_pb_row et_flex_row\">\n<div class=\"et_pb_column_6 et_pb_column et_flex_column et_pb_css_mix_blend_mode_passthrough et_flex_column_8_24 et_flex_column_24_24_phone et_flex_column_24_24_phoneWide et_flex_column_8_24_tabletWide et_flex_column_8_24_widescreen et_flex_column_8_24_ultraWide\">\n<div class=\"et_pb_image_2 et_pb_image et_pb_module et_block_module\"><span class=\"et_pb_image_wrap\"><img loading=\"lazy\" decoding=\"async\" src=\"https:\/\/www.hispi.de\/wp-content\/uploads\/20171124-hispi-das-lernhaus-werde-schuelerhelfer.png\" width=\"300\" height=\"218\" srcset=\"https:\/\/www.hispi.de\/wp-content\/uploads\/20171124-hispi-das-lernhaus-werde-schuelerhelfer.png 300w\" sizes=\"(max-width: 300px) 100vw, 300px\" class=\"wp-image-142\" title=\"20171124-hispi-das-lernhaus-werde-schuelerhelfer\" \/><\/span><\/div>\n<\/div>\n\n<div class=\"et_pb_column_7 et_pb_column et-last-child et_flex_column et_pb_css_mix_blend_mode_passthrough et_flex_column_16_24 et_flex_column_24_24_phone et_flex_column_24_24_phoneWide et_flex_column_16_24_tabletWide et_flex_column_16_24_widescreen et_flex_column_16_24_ultraWide\">\n<div class=\"et_pb_text_4 et_pb_text et_pb_bg_layout_light et_pb_module et_block_module preset--module--divi-text--69cb9a220bbab\"><div class=\"et_pb_text_inner\"><h3>Tu es encore \u00e0 l\u2019\u00e9cole et tu souhaites t\u2019impliquer activement ?<\/h3>\n<p>Cette offre s'adresse tout particuli\u00e8rement aux \u00e9tudiants qui souhaitent s'impliquer activement. Vous avez envie d'aider des enfants et des jeunes de diff\u00e9rentes parties du monde \u00e0 faire leurs devoirs ? Vous envisagez m\u00eame de devenir vous-m\u00eame professeur d'allemand et souhaitez acqu\u00e9rir une premi\u00e8re exp\u00e9rience ? Alors vous \u00eates au bon endroit \u00e0 Hispi !<\/p>\n<\/div><\/div>\n\n<div class=\"et_pb_module et_pb_button_module_wrapper et_pb_button_2_wrapper\"><a class=\"et_pb_button_2 et_pb_button et_pb_bg_layout_light et_pb_module et_block_module\" href=\"mailto:info@hispi.de?subject=Interesse%20Sch\u00fcler-Helfer\">Demande d&#039;aide aux \u00e9l\u00e8ves:in<\/a><\/div>\n<\/div>\n<\/div>\n<\/div>","protected":false},"excerpt":{"rendered":"","protected":false},"author":1,"featured_media":677,"parent":0,"menu_order":0,"comment_status":"closed","ping_status":"closed","template":"","meta":{"footnotes":""},"class_list":["post-676","page","type-page","status-publish","has-post-thumbnail","hentry"],"_links":{"self":[{"href":"https:\/\/www.hispi.de\/fr\/wp-json\/wp\/v2\/pages\/676","targetHints":{"allow":["GET"]}}],"collection":[{"href":"https:\/\/www.hispi.de\/fr\/wp-json\/wp\/v2\/pages"}],"about":[{"href":"https:\/\/www.hispi.de\/fr\/wp-json\/wp\/v2\/types\/page"}],"author":[{"embeddable":true,"href":"https:\/\/www.hispi.de\/fr\/wp-json\/wp\/v2\/users\/1"}],"replies":[{"embeddable":true,"href":"https:\/\/www.hispi.de\/fr\/wp-json\/wp\/v2\/comments?post=676"}],"version-history":[{"count":5,"href":"https:\/\/www.hispi.de\/fr\/wp-json\/wp\/v2\/pages\/676\/revisions"}],"predecessor-version":[{"id":887,"href":"https:\/\/www.hispi.de\/fr\/wp-json\/wp\/v2\/pages\/676\/revisions\/887"}],"wp:featuredmedia":[{"embeddable":true,"href":"https:\/\/www.hispi.de\/fr\/wp-json\/wp\/v2\/media\/677"}],"wp:attachment":[{"href":"https:\/\/www.hispi.de\/fr\/wp-json\/wp\/v2\/media?parent=676"}],"curies":[{"name":"wp","href":"https:\/\/api.w.org\/{rel}","templated":true}]}}