{"id":670,"date":"2026-01-25T11:32:06","date_gmt":"2026-01-25T10:32:06","guid":{"rendered":"https:\/\/hispi.kundenexpose.de\/contact\/"},"modified":"2026-04-17T12:32:31","modified_gmt":"2026-04-17T10:32:31","slug":"contact","status":"publish","type":"page","link":"https:\/\/www.hispi.de\/fr\/contact\/","title":{"rendered":"Contact"},"content":{"rendered":"<div class=\"et_pb_section_0 et_pb_section et_section_regular et_block_section\">\n<div class=\"et_pb_row_0 et_pb_row et_block_row\">\n<div class=\"et_pb_column_0 et_pb_column et_pb_column_4_4 et-last-child et_block_column et_pb_css_mix_blend_mode_passthrough\">\n<div class=\"et_pb_text_0 et_pb_text et_pb_bg_layout_light et_pb_module et_block_module et_pb_text_align_right preset--module--divi-text--69cb9a220bbab\"><div class=\"et_pb_text_inner\"><h1>Contact<\/h1>\n<\/div><\/div>\n<\/div>\n<\/div>\n<\/div>\n\n<div class=\"et_pb_section_1 et_pb_section et_section_regular et_flex_section\">\n<div class=\"et_pb_row_1 et_pb_row et_flex_row\">\n<div class=\"et_pb_column_1 et_pb_column et-last-child et_flex_column et_pb_css_mix_blend_mode_passthrough et_flex_column_24_24 et_flex_column_24_24_tablet et_flex_column_24_24_phone et_flex_column_24_24_phoneWide et_flex_column_24_24_tabletWide et_flex_column_24_24_widescreen et_flex_column_24_24_ultraWide\">\n<div class=\"et_pb_text_1 et_pb_text et_pb_bg_layout_light et_pb_module et_block_module preset--module--divi-text--69cb9a220bbab\"><div class=\"et_pb_text_inner\"><h2>Vous avez des questions ?<\/p>\n<\/div><\/div>\n<\/div>\n<\/div>\n\n<div class=\"et_pb_row_2 et_pb_row et_flex_row\">\n<div class=\"et_pb_column_2 et_pb_column et_flex_column et_pb_css_mix_blend_mode_passthrough et_flex_column_12_24 et_flex_column_12_24_tablet et_flex_column_24_24_phone et_flex_column_24_24_phoneWide et_flex_column_12_24_tabletWide et_flex_column_12_24_widescreen et_flex_column_12_24_ultraWide\">\n<div class=\"et_pb_text_2 et_pb_text et_pb_bg_layout_light et_pb_module et_block_module preset--module--divi-text--69cb9a220bbab\"><div class=\"et_pb_text_inner\"><h3>Prenez contact avec nous !<\/h3>\n<p>Pr\u00e9f\u00e9rez-vous un rappel ou une r\u00e9ponse par e-mail ? C\u2019est vous qui d\u00e9cidez. Nous vous r\u00e9pondrons rapidement !  <\/p>\n<\/div><\/div>\n\n<div class=\"et_pb_blurb_0 et_pb_blurb et_pb_bg_layout_light et_pb_blurb_position_left et_clickable et_pb_module et_block_module\"><div class=\"et_pb_blurb_content\"><div class=\"et_pb_main_blurb_image\"><span class=\"et_pb_image_wrap\"><span class=\"et-pb-icon et_animated et_animated\">\ue090<\/span><\/span><\/div><div class=\"et_pb_blurb_container\"><h4 class=\"et_pb_module_header\">0211 \/ 669 638 43<\/h4><\/div><\/div><\/div>\n\n<div class=\"et_pb_blurb_1 et_pb_blurb et_pb_bg_layout_light et_pb_blurb_position_left et_clickable et_pb_module et_block_module\"><div class=\"et_pb_blurb_content\"><div class=\"et_pb_main_blurb_image\"><span class=\"et_pb_image_wrap\"><span class=\"et-pb-icon et_animated et_animated\">\ue010<\/span><\/span><\/div><div class=\"et_pb_blurb_container\"><h4 class=\"et_pb_module_header\">info@hispi.de<\/h4><\/div><\/div><\/div>\n\n<div class=\"et_pb_blurb_2 et_pb_blurb et_pb_bg_layout_light et_pb_blurb_position_left et_clickable et_pb_module et_block_module\"><div class=\"et_pb_blurb_content\"><div class=\"et_pb_main_blurb_image\"><span class=\"et_pb_image_wrap\"><span class=\"et-pb-icon et_animated et_animated\">\ue01d<\/span><\/span><\/div><div class=\"et_pb_blurb_container\"><h4 class=\"et_pb_module_header\">Hispi - Hilfe bei der sprachlichen Integration<\/h4><div class=\"et_pb_blurb_description\"><p>Graf Adolf Stra\u00dfe 22 \/ 2e \u00e9tage<br \/>40212 D\u00fcsseldorf<\/p>\n<\/div><\/div><\/div><\/div>\n<\/div>\n\n<div class=\"et_pb_column_3 et_pb_column et-last-child et_flex_column et_pb_css_mix_blend_mode_passthrough et_flex_column_12_24 et_flex_column_12_24_tablet et_flex_column_24_24_phone et_flex_column_24_24_phoneWide et_flex_column_12_24_tabletWide et_flex_column_12_24_widescreen et_flex_column_12_24_ultraWide\">\n<div class=\"et_pb_contact_form_0 et_pb_contact_form_container clearfix et_pb_module et_flex_module\" data-form_unique_num=\"0\" data-form_unique_id=\"482a995f-32a6-41af-aa6c-ace32bfe2fc4\" id=\"et_pb_contact_form_482a995f-32a6-41af-aa6c-ace32bfe2fc4\"><h3 class=\"et_pb_contact_main_title\">\u00c9crivez-nous\u2026<\/h3><div class=\"et-pb-contact-message\"><\/div><div class=\"et_pb_contact\"><form class=\"et_pb_contact_form et_flex_module\" method=\"post\" action=\"https:\/\/www.hispi.de\/fr\/wp-json\/wp\/v2\/pages\/670\">\n<div class=\"et_pb_contact_field_0 et_pb_contact_field et_pb_module et_flex_module et_flex_column_12_24 et_flex_column_12_24_tablet et_flex_column_12_24_phone et_flex_column_12_24_phoneWide et_flex_column_12_24_tabletWide et_flex_column_12_24_widescreen et_flex_column_12_24_ultraWide\" data-id=\"name\" data-type=\"input\"><label class=\"et_pb_contact_form_label\" for=\"et_pb_contact_0_name_0\">Nom<\/label><input type=\"text\" name=\"et_pb_contact_0_name_0\" id=\"et_pb_contact_0_name_0\" class=\"input\" data-required_mark=\"required\" data-field_type=\"input\" data-original_id=\"name\" placeholder=\"Nom\" title=\"\" value=\"\" \/><\/div>\n\n<div class=\"et_pb_contact_field_1 et_pb_contact_field et_pb_module et_flex_module et_flex_column_12_24 et_flex_column_12_24_tablet et_flex_column_12_24_phone et_flex_column_12_24_phoneWide et_flex_column_12_24_tabletWide et_flex_column_12_24_widescreen et_flex_column_12_24_ultraWide\" data-id=\"email\" data-type=\"email\"><label class=\"et_pb_contact_form_label\" for=\"et_pb_contact_0_email_1\">Adresse e-mail<\/label><input type=\"text\" name=\"et_pb_contact_0_email_1\" id=\"et_pb_contact_0_email_1\" class=\"input\" data-required_mark=\"required\" data-field_type=\"email\" data-original_id=\"email\" placeholder=\"Adresse e-mail\" title=\"\" value=\"\" \/><\/div>\n\n<div class=\"et_pb_contact_field_2 et_pb_contact_field et_pb_module et_flex_module et_flex_column_24_24 et_flex_column_24_24_tablet et_flex_column_24_24_phone et_flex_column_24_24_phoneWide et_flex_column_24_24_tabletWide et_flex_column_24_24_widescreen et_flex_column_24_24_ultraWide\" data-id=\"message\" data-type=\"text\"><label class=\"et_pb_contact_form_label\" for=\"et_pb_contact_0_message_2\">Message<\/label><textarea name=\"et_pb_contact_0_message_2\" id=\"et_pb_contact_0_message_2\" class=\"et_pb_contact_message input\" data-required_mark=\"required\" data-field_type=\"text\" data-original_id=\"message\" placeholder=\"Message\"><\/textarea><\/div>\n<input type=\"hidden\" name=\"et_pb_contactform_submit_482a995f-32a6-41af-aa6c-ace32bfe2fc4\" value=\"et_contact_proccess\" \/><div class=\"et_contact_bottom_container\"><div class=\"et_pb_contact_right et_pb_contact_field\"><p class=\"clearfix\"><label><span class=\"et_pb_contact_captcha_question\">14 + 3<\/span> = <input type=\"text\" size=\"2\" class=\"input et_pb_contact_captcha\" data-first_digit=\"14\" data-second_digit=\"3\" data-required_mark=\"required\" name=\"et_pb_contact_captcha_482a995f-32a6-41af-aa6c-ace32bfe2fc4\" autocomplete=\"off\" \/><\/label><\/p><\/div><div class=\"et_pb_button_wrapper\"><button type=\"submit\" name=\"et_builder_submit_button\" class=\"et_pb_button et_pb_contact_submit\">Envoyer<\/button><\/div><\/div><input type=\"hidden\" id=\"_wpnonce-et-pb-contact-form-submitted-482a995f-32a6-41af-aa6c-ace32bfe2fc4\" name=\"_wpnonce-et-pb-contact-form-submitted-482a995f-32a6-41af-aa6c-ace32bfe2fc4\" value=\"1c8730e896\" \/><input type=\"hidden\" name=\"_wp_http_referer\" value=\"\/fr\/wp-json\/wp\/v2\/pages\/670\" \/><\/form><\/div><\/div>\n<\/div>\n<\/div>\n<\/div>","protected":false},"excerpt":{"rendered":"","protected":false},"author":1,"featured_media":671,"parent":0,"menu_order":0,"comment_status":"closed","ping_status":"closed","template":"","meta":{"footnotes":""},"class_list":["post-670","page","type-page","status-publish","has-post-thumbnail","hentry"],"_links":{"self":[{"href":"https:\/\/www.hispi.de\/fr\/wp-json\/wp\/v2\/pages\/670","targetHints":{"allow":["GET"]}}],"collection":[{"href":"https:\/\/www.hispi.de\/fr\/wp-json\/wp\/v2\/pages"}],"about":[{"href":"https:\/\/www.hispi.de\/fr\/wp-json\/wp\/v2\/types\/page"}],"author":[{"embeddable":true,"href":"https:\/\/www.hispi.de\/fr\/wp-json\/wp\/v2\/users\/1"}],"replies":[{"embeddable":true,"href":"https:\/\/www.hispi.de\/fr\/wp-json\/wp\/v2\/comments?post=670"}],"version-history":[{"count":3,"href":"https:\/\/www.hispi.de\/fr\/wp-json\/wp\/v2\/pages\/670\/revisions"}],"predecessor-version":[{"id":886,"href":"https:\/\/www.hispi.de\/fr\/wp-json\/wp\/v2\/pages\/670\/revisions\/886"}],"wp:featuredmedia":[{"embeddable":true,"href":"https:\/\/www.hispi.de\/fr\/wp-json\/wp\/v2\/media\/671"}],"wp:attachment":[{"href":"https:\/\/www.hispi.de\/fr\/wp-json\/wp\/v2\/media?parent=670"}],"curies":[{"name":"wp","href":"https:\/\/api.w.org\/{rel}","templated":true}]}}